{"id":111759,"date":"2022-06-14T20:24:35","date_gmt":"2022-06-14T20:24:35","guid":{"rendered":"https:\/\/centimani-solutions.com\/clients\/"},"modified":"2023-03-31T19:16:51","modified_gmt":"2023-03-31T19:16:51","slug":"clients","status":"publish","type":"page","link":"https:\/\/centimani-solutions.com\/fr\/clients\/","title":{"rendered":"Clients"},"content":{"rendered":"<div class=\"wpb-content-wrapper\"><p>[vc_row row_height_percent=\u00a0\u00bb0&Prime; override_padding=\u00a0\u00bbyes\u00a0\u00bb h_padding=\u00a0\u00bb2&Prime; top_padding=\u00a0\u00bb5&Prime; bottom_padding=\u00a0\u00bb7&Prime; back_color=\u00a0\u00bbcolor-lxmt\u00a0\u00bb overlay_alpha=\u00a0\u00bb100&Prime; gutter_size=\u00a0\u00bb2&Prime; column_width_percent=\u00a0\u00bb100&Prime; border_color=\u00a0\u00bbcolor-gyho\u00a0\u00bb border_style=\u00a0\u00bbsolid\u00a0\u00bb shift_y=\u00a0\u00bb0&Prime; z_index=\u00a0\u00bb0&Prime; style=\u00a0\u00bbinherited\u00a0\u00bb css=\u00a0\u00bb.vc_custom_1674863392358{border-bottom-width: 1px !important;}\u00a0\u00bb uncode_shortcode_id=\u00a0\u00bb169047&Prime; back_color_type=\u00a0\u00bbuncode-palette\u00a0\u00bb border_color_type=\u00a0\u00bbuncode-palette\u00a0\u00bb shape_dividers=\u00a0\u00bb\u00a0\u00bb][vc_column column_width_use_pixel=\u00a0\u00bbyes\u00a0\u00bb align_horizontal=\u00a0\u00bbalign_center\u00a0\u00bb gutter_size=\u00a0\u00bb3&Prime; overlay_alpha=\u00a0\u00bb50&Prime; shift_x=\u00a0\u00bb0&Prime; shift_y=\u00a0\u00bb0&Prime; shift_y_down=\u00a0\u00bb0&Prime; z_index=\u00a0\u00bb0&Prime; medium_width=\u00a0\u00bb0&Prime; mobile_width=\u00a0\u00bb0&Prime; width=\u00a0\u00bb1\/1&Prime; uncode_shortcode_id=\u00a0\u00bb173301&Prime; column_width_pixel=\u00a0\u00bb1200&Prime;][vc_custom_heading text_color=\u00a0\u00bbaccent\u00a0\u00bb heading_semantic=\u00a0\u00bbh6&Prime; text_size=\u00a0\u00bbfontsize-160000&Prime; text_transform=\u00a0\u00bbuppercase\u00a0\u00bb text_space=\u00a0\u00bbfontspace-135905&Prime; uncode_shortcode_id=\u00a0\u00bb199142&Prime; text_color_type=\u00a0\u00bbuncode-palette\u00a0\u00bb]Centimani Solutions[\/vc_custom_heading][vc_custom_heading heading_semantic=\u00a0\u00bbh3&Prime; text_font=\u00a0\u00bbfont-266456&Prime; text_size=\u00a0\u00bbfontsize-155944&Prime; text_weight=\u00a0\u00bb500&Prime; uncode_shortcode_id=\u00a0\u00bb658638&Prime; subheading=\u00a0\u00bbNous travaillons avec nos clients et collaborateurs sur le renforcement des capacit\u00e9s, le d\u00e9veloppement de strat\u00e9gies, et l&rsquo;identification de partenariats. Nous fournissons une assistance pour surmonter les obstacles op\u00e9rationnels ou industriels de routine. Nous sommes en mesure de r\u00e9pondre rapidement aux besoins de nos clients partout dans le monde gr\u00e2ce \u00e0 notre r\u00e9seau mondial de professionnels de l&rsquo;industrie et de l&rsquo;humanitaire.\u00a0\u00bb]Avec qui nous travaillons[\/vc_custom_heading][vc_separator sep_color=\u00a0\u00bbaccent\u00a0\u00bb uncode_shortcode_id=\u00a0\u00bb675127&Prime; sep_color_type=\u00a0\u00bbuncode-palette\u00a0\u00bb el_width=\u00a0\u00bb64px\u00a0\u00bb el_height=\u00a0\u00bb2px\u00a0\u00bb][vc_gallery el_id=\u00a0\u00bbgallery-523716&Prime; medias=\u00a0\u00bb110727,110724,110725,110722,110723,110721,111095,110720,111932,111973,111938&Prime; gutter_size=\u00a0\u00bb4&Prime; media_items=\u00a0\u00bbmedia|custom_link|original,icon\u00a0\u00bb screen_lg=\u00a0\u00bb1000&Prime; screen_md=\u00a0\u00bb100&Prime; screen_sm=\u00a0\u00bb100&Prime; single_overlay_opacity=\u00a0\u00bb50&Prime; single_text_anim=\u00a0\u00bbno\u00a0\u00bb single_image_anim=\u00a0\u00bbno\u00a0\u00bb single_padding=\u00a0\u00bb2&Prime; single_border=\u00a0\u00bbyes\u00a0\u00bb uncode_shortcode_id=\u00a0\u00bb125679&Prime; items=\u00a0\u00bbeyIxMTA3MjFfaSI6eyJzaW5nbGVfbGluayI6InVybDpodHRwcyUzQSUyRiUyRmludGVybmF0aW9uYWxtZWRpY2FsY29ycHMub3JnfHRhcmdldDpfYmxhbmsifSwiMTEwNzI3X2kiOnsic2luZ2xlX2xpbmsiOiJ1cmw6aHR0cHMlM0ElMkYlMkZ3d3cucHJvamVjdGhvcGUub3JnfHRhcmdldDpfYmxhbmsifSwiMTEwNzI1X2kiOnsic2luZ2xlX2xpbmsiOiJ1cmw6aHR0cHMlM0ElMkYlMkZ3d3cudGhlY29uc2Npb3VzcHJvamVjdC5vcmd8dGFyZ2V0Ol9ibGFuayJ9LCIxMTA4MzhfaSI6eyJzaW5nbGVfbGluayI6InVybDpodHRwJTNBJTJGJTJGd3d3LnJvZGFlbC5mciUyRmFjY3VlaWx8dGFyZ2V0Ol9ibGFuayJ9LCIxMTA3MjhfaSI6eyJzaW5nbGVfbGluayI6InVybDolMjBodHRwcyUzQSUyRiUyRnd3dy5pbnRlZ3JpdHlnbG9iYWwuY29tfHRhcmdldDpfYmxhbmsifSwiMTEwNzIzX2kiOnsic2luZ2xlX2xpbmsiOiJ1cmw6aHR0cHMlM0ElMkYlMkZtYW5hbnV0cml0aW9uLm9yZ3x0YXJnZXQ6X2JsYW5rIn0sIjExMDcyNl9pIjp7InNpbmdsZV9saW5rIjoidXJsOmh0dHBzJTNBJTJGJTJGdGEubnV0cml0aW9uY2x1c3Rlci5uZXR8dGFyZ2V0Ol9ibGFuayJ9LCIxMTA3MjBfaSI6eyJzaW5nbGVfbGluayI6InVybDpodHRwcyUzQSUyRiUyRnd3dy5pY3ZhbmV0d29yay5vcmcifSwiMTEwNzI0X2kiOnsic2luZ2xlX2xpbmsiOiJ1cmw6aHR0cCUzQSUyRiUyRnd3dy5zaHN5ZS5vcmclMkZlbnx0YXJnZXQ6X2JsYW5rIn0sIjExMDcyMl9pIjp7InNpbmdsZV9saW5rIjoidXJsOmh0dHBzJTNBJTJGJTJGaXJhcWhhby5vcmclMjAlMjB8dGFyZ2V0Ol9ibGFuayJ9LCIxMTA4MzZfaSI6eyJzaW5nbGVfbGluayI6InVybDpodHRwcyUzQSUyRiUyRmFpcmRpbnRlcm5hdGlvbmFsLm9yZyUyMHx0YXJnZXQ6X2JsYW5rIn0sIjExMTA4NF9pIjp7InNpbmdsZV9saW5rIjoidXJsOmh0dHBzJTNBJTJGJTJGd3d3LmFqaW5vbW90by5jb218dGFyZ2V0Ol9ibGFuayJ9LCIxMTEwOTVfaSI6eyJzaW5nbGVfbGluayI6InVybDpodHRwcyUzQSUyRiUyRnd3dy5hamlub21vdG8uY29tJTJGfHRhcmdldDpfYmxhbmsifSwiMTExOTM4X2kiOnsic2luZ2xlX2xpbmsiOiJ1cmw6aHR0cHMlM0ElMkYlMkZhY3Rpb25hZ2FpbnN0aHVuZ2VyLmNhJTIwfHRhcmdldDpfYmxhbmsifSwiMTExOTMyX2kiOnsic2luZ2xlX2xpbmsiOiJ1cmw6aHR0cHMlM0ElMkYlMkZ0YS5udXRyaXRpb25jbHVzdGVyLm5ldHx0YXJnZXQ6X2JsYW5rIn0sIjExMTkzNV9pIjp7InNpbmdsZV9saW5rIjoidXJsOmh0dHBzJTNBJTJGJTJGd3d3Lm51dHJpdGlvbmNsdXN0ZXIubmV0JTJGY291bnRyeSUyRm1hbGklMjB8dGFyZ2V0Ol9ibGFuayJ9LCIxMTE5NzNfaSI6eyJzaW5nbGVfbGluayI6InVybDpodHRwcyUzQSUyRiUyRnd3dy5udXRyaXRpb25jbHVzdGVyLm5ldCUyRmNvdW50cnklMkZtYWxpfHRhcmdldDpfYmxhbmsifX0=\u00a0\u00bb][\/vc_column][\/vc_row]<\/p>\n<\/div>","protected":false},"excerpt":{"rendered":"<p>[vc_row row_height_percent=\u00a0\u00bb0&Prime; override_padding=\u00a0\u00bbyes\u00a0\u00bb h_padding=\u00a0\u00bb2&Prime; top_padding=\u00a0\u00bb5&Prime; bottom_padding=\u00a0\u00bb7&Prime; back_color=\u00a0\u00bbcolor-lxmt\u00a0\u00bb overlay_alpha=\u00a0\u00bb100&Prime; gutter_size=\u00a0\u00bb2&Prime; column_width_percent=\u00a0\u00bb100&Prime; border_color=\u00a0\u00bbcolor-gyho\u00a0\u00bb border_style=\u00a0\u00bbsolid\u00a0\u00bb shift_y=\u00a0\u00bb0&Prime; z_index=\u00a0\u00bb0&Prime; style=\u00a0\u00bbinherited\u00a0\u00bb css=\u00a0\u00bb.vc_custom_1674863392358{border-bottom-width: 1px !important;}\u00a0\u00bb uncode_shortcode_id=\u00a0\u00bb169047&Prime; back_color_type=\u00a0\u00bbuncode-palette\u00a0\u00bb [&hellip;]<\/p>\n","protected":false},"author":1,"featured_media":111482,"parent":0,"menu_order":0,"comment_status":"closed","ping_status":"closed","template":"","meta":{"footnotes":""},"class_list":["post-111759","page","type-page","status-publish","has-post-thumbnail","hentry","page_category-english-fr"],"yoast_head":"<!-- This site is optimized with the Yoast SEO plugin v27.3 - https:\/\/yoast.com\/product\/yoast-seo-wordpress\/ -->\n<title>Clients - Centimani Solutions<\/title>\n<meta name=\"robots\" content=\"index, follow, max-snippet:-1, max-image-preview:large, max-video-preview:-1\" \/>\n<link rel=\"canonical\" href=\"https:\/\/centimani-solutions.com\/fr\/clients\/\" \/>\n<meta property=\"og:locale\" content=\"fr_FR\" \/>\n<meta property=\"og:type\" content=\"article\" \/>\n<meta property=\"og:title\" content=\"Clients - Centimani Solutions\" \/>\n<meta property=\"og:description\" content=\"[vc_row row_height_percent=\u00a0\u00bb0&Prime; override_padding=\u00a0\u00bbyes\u00a0\u00bb h_padding=\u00a0\u00bb2&Prime; top_padding=\u00a0\u00bb5&Prime; bottom_padding=\u00a0\u00bb7&Prime; back_color=\u00a0\u00bbcolor-lxmt\u00a0\u00bb overlay_alpha=\u00a0\u00bb100&Prime; gutter_size=\u00a0\u00bb2&Prime; column_width_percent=\u00a0\u00bb100&Prime; border_color=\u00a0\u00bbcolor-gyho\u00a0\u00bb border_style=\u00a0\u00bbsolid\u00a0\u00bb shift_y=\u00a0\u00bb0&Prime; z_index=\u00a0\u00bb0&Prime; style=\u00a0\u00bbinherited\u00a0\u00bb css=\u00a0\u00bb.vc_custom_1674863392358{border-bottom-width: 1px !important;}\u00a0\u00bb uncode_shortcode_id=\u00a0\u00bb169047&Prime; back_color_type=\u00a0\u00bbuncode-palette\u00a0\u00bb [&hellip;]\" \/>\n<meta property=\"og:url\" content=\"https:\/\/centimani-solutions.com\/fr\/clients\/\" \/>\n<meta property=\"og:site_name\" content=\"Centimani Solutions\" \/>\n<meta property=\"article:modified_time\" content=\"2023-03-31T19:16:51+00:00\" \/>\n<meta property=\"og:image\" content=\"https:\/\/centimani-solutions.com\/wp-content\/uploads\/2022\/06\/centimani-solutions-peanut-machine-e1667919178494.jpg\" \/>\n\t<meta property=\"og:image:width\" content=\"1200\" \/>\n\t<meta property=\"og:image:height\" content=\"799\" \/>\n\t<meta property=\"og:image:type\" content=\"image\/jpeg\" \/>\n<meta name=\"twitter:card\" content=\"summary_large_image\" \/>\n<meta name=\"twitter:label1\" content=\"Dur\u00e9e de lecture estim\u00e9e\" \/>\n\t<meta name=\"twitter:data1\" content=\"1 minute\" \/>\n<script type=\"application\/ld+json\" class=\"yoast-schema-graph\">{\"@context\":\"https:\\\/\\\/schema.org\",\"@graph\":[{\"@type\":\"WebPage\",\"@id\":\"https:\\\/\\\/centimani-solutions.com\\\/fr\\\/clients\\\/\",\"url\":\"https:\\\/\\\/centimani-solutions.com\\\/fr\\\/clients\\\/\",\"name\":\"Clients - Centimani Solutions\",\"isPartOf\":{\"@id\":\"https:\\\/\\\/centimani-solutions.com\\\/#website\"},\"primaryImageOfPage\":{\"@id\":\"https:\\\/\\\/centimani-solutions.com\\\/fr\\\/clients\\\/#primaryimage\"},\"image\":{\"@id\":\"https:\\\/\\\/centimani-solutions.com\\\/fr\\\/clients\\\/#primaryimage\"},\"thumbnailUrl\":\"https:\\\/\\\/centimani-solutions.com\\\/wp-content\\\/uploads\\\/2022\\\/06\\\/centimani-solutions-peanut-machine-e1667919178494.jpg\",\"datePublished\":\"2022-06-14T20:24:35+00:00\",\"dateModified\":\"2023-03-31T19:16:51+00:00\",\"breadcrumb\":{\"@id\":\"https:\\\/\\\/centimani-solutions.com\\\/fr\\\/clients\\\/#breadcrumb\"},\"inLanguage\":\"fr-FR\",\"potentialAction\":[{\"@type\":\"ReadAction\",\"target\":[\"https:\\\/\\\/centimani-solutions.com\\\/fr\\\/clients\\\/\"]}]},{\"@type\":\"ImageObject\",\"inLanguage\":\"fr-FR\",\"@id\":\"https:\\\/\\\/centimani-solutions.com\\\/fr\\\/clients\\\/#primaryimage\",\"url\":\"https:\\\/\\\/centimani-solutions.com\\\/wp-content\\\/uploads\\\/2022\\\/06\\\/centimani-solutions-peanut-machine-e1667919178494.jpg\",\"contentUrl\":\"https:\\\/\\\/centimani-solutions.com\\\/wp-content\\\/uploads\\\/2022\\\/06\\\/centimani-solutions-peanut-machine-e1667919178494.jpg\",\"width\":1200,\"height\":799,\"caption\":\"Transfer of Technology\"},{\"@type\":\"BreadcrumbList\",\"@id\":\"https:\\\/\\\/centimani-solutions.com\\\/fr\\\/clients\\\/#breadcrumb\",\"itemListElement\":[{\"@type\":\"ListItem\",\"position\":1,\"name\":\"Home\",\"item\":\"https:\\\/\\\/centimani-solutions.com\\\/fr\\\/\"},{\"@type\":\"ListItem\",\"position\":2,\"name\":\"Clients\"}]},{\"@type\":\"WebSite\",\"@id\":\"https:\\\/\\\/centimani-solutions.com\\\/#website\",\"url\":\"https:\\\/\\\/centimani-solutions.com\\\/\",\"name\":\"Centimani Solutions\",\"description\":\"We focus on the localization of humanitarian\",\"publisher\":{\"@id\":\"https:\\\/\\\/centimani-solutions.com\\\/#organization\"},\"potentialAction\":[{\"@type\":\"SearchAction\",\"target\":{\"@type\":\"EntryPoint\",\"urlTemplate\":\"https:\\\/\\\/centimani-solutions.com\\\/?s={search_term_string}\"},\"query-input\":{\"@type\":\"PropertyValueSpecification\",\"valueRequired\":true,\"valueName\":\"search_term_string\"}}],\"inLanguage\":\"fr-FR\"},{\"@type\":\"Organization\",\"@id\":\"https:\\\/\\\/centimani-solutions.com\\\/#organization\",\"name\":\"Centimani Solutions\",\"url\":\"https:\\\/\\\/centimani-solutions.com\\\/\",\"logo\":{\"@type\":\"ImageObject\",\"inLanguage\":\"fr-FR\",\"@id\":\"https:\\\/\\\/centimani-solutions.com\\\/#\\\/schema\\\/logo\\\/image\\\/\",\"url\":\"https:\\\/\\\/centimani-solutions.com\\\/wp-content\\\/uploads\\\/2022\\\/06\\\/cropped-Logo-Centimani.jpg\",\"contentUrl\":\"https:\\\/\\\/centimani-solutions.com\\\/wp-content\\\/uploads\\\/2022\\\/06\\\/cropped-Logo-Centimani.jpg\",\"width\":512,\"height\":512,\"caption\":\"Centimani Solutions\"},\"image\":{\"@id\":\"https:\\\/\\\/centimani-solutions.com\\\/#\\\/schema\\\/logo\\\/image\\\/\"}}]}<\/script>\n<!-- \/ Yoast SEO plugin. -->","yoast_head_json":{"title":"Clients - Centimani Solutions","robots":{"index":"index","follow":"follow","max-snippet":"max-snippet:-1","max-image-preview":"max-image-preview:large","max-video-preview":"max-video-preview:-1"},"canonical":"https:\/\/centimani-solutions.com\/fr\/clients\/","og_locale":"fr_FR","og_type":"article","og_title":"Clients - Centimani Solutions","og_description":"[vc_row row_height_percent=\u00a0\u00bb0&Prime; override_padding=\u00a0\u00bbyes\u00a0\u00bb h_padding=\u00a0\u00bb2&Prime; top_padding=\u00a0\u00bb5&Prime; bottom_padding=\u00a0\u00bb7&Prime; back_color=\u00a0\u00bbcolor-lxmt\u00a0\u00bb overlay_alpha=\u00a0\u00bb100&Prime; gutter_size=\u00a0\u00bb2&Prime; column_width_percent=\u00a0\u00bb100&Prime; border_color=\u00a0\u00bbcolor-gyho\u00a0\u00bb border_style=\u00a0\u00bbsolid\u00a0\u00bb shift_y=\u00a0\u00bb0&Prime; z_index=\u00a0\u00bb0&Prime; style=\u00a0\u00bbinherited\u00a0\u00bb css=\u00a0\u00bb.vc_custom_1674863392358{border-bottom-width: 1px !important;}\u00a0\u00bb uncode_shortcode_id=\u00a0\u00bb169047&Prime; back_color_type=\u00a0\u00bbuncode-palette\u00a0\u00bb [&hellip;]","og_url":"https:\/\/centimani-solutions.com\/fr\/clients\/","og_site_name":"Centimani Solutions","article_modified_time":"2023-03-31T19:16:51+00:00","og_image":[{"width":1200,"height":799,"url":"https:\/\/centimani-solutions.com\/wp-content\/uploads\/2022\/06\/centimani-solutions-peanut-machine-e1667919178494.jpg","type":"image\/jpeg"}],"twitter_card":"summary_large_image","twitter_misc":{"Dur\u00e9e de lecture estim\u00e9e":"1 minute"},"schema":{"@context":"https:\/\/schema.org","@graph":[{"@type":"WebPage","@id":"https:\/\/centimani-solutions.com\/fr\/clients\/","url":"https:\/\/centimani-solutions.com\/fr\/clients\/","name":"Clients - Centimani Solutions","isPartOf":{"@id":"https:\/\/centimani-solutions.com\/#website"},"primaryImageOfPage":{"@id":"https:\/\/centimani-solutions.com\/fr\/clients\/#primaryimage"},"image":{"@id":"https:\/\/centimani-solutions.com\/fr\/clients\/#primaryimage"},"thumbnailUrl":"https:\/\/centimani-solutions.com\/wp-content\/uploads\/2022\/06\/centimani-solutions-peanut-machine-e1667919178494.jpg","datePublished":"2022-06-14T20:24:35+00:00","dateModified":"2023-03-31T19:16:51+00:00","breadcrumb":{"@id":"https:\/\/centimani-solutions.com\/fr\/clients\/#breadcrumb"},"inLanguage":"fr-FR","potentialAction":[{"@type":"ReadAction","target":["https:\/\/centimani-solutions.com\/fr\/clients\/"]}]},{"@type":"ImageObject","inLanguage":"fr-FR","@id":"https:\/\/centimani-solutions.com\/fr\/clients\/#primaryimage","url":"https:\/\/centimani-solutions.com\/wp-content\/uploads\/2022\/06\/centimani-solutions-peanut-machine-e1667919178494.jpg","contentUrl":"https:\/\/centimani-solutions.com\/wp-content\/uploads\/2022\/06\/centimani-solutions-peanut-machine-e1667919178494.jpg","width":1200,"height":799,"caption":"Transfer of Technology"},{"@type":"BreadcrumbList","@id":"https:\/\/centimani-solutions.com\/fr\/clients\/#breadcrumb","itemListElement":[{"@type":"ListItem","position":1,"name":"Home","item":"https:\/\/centimani-solutions.com\/fr\/"},{"@type":"ListItem","position":2,"name":"Clients"}]},{"@type":"WebSite","@id":"https:\/\/centimani-solutions.com\/#website","url":"https:\/\/centimani-solutions.com\/","name":"Centimani Solutions","description":"We focus on the localization of humanitarian","publisher":{"@id":"https:\/\/centimani-solutions.com\/#organization"},"potentialAction":[{"@type":"SearchAction","target":{"@type":"EntryPoint","urlTemplate":"https:\/\/centimani-solutions.com\/?s={search_term_string}"},"query-input":{"@type":"PropertyValueSpecification","valueRequired":true,"valueName":"search_term_string"}}],"inLanguage":"fr-FR"},{"@type":"Organization","@id":"https:\/\/centimani-solutions.com\/#organization","name":"Centimani Solutions","url":"https:\/\/centimani-solutions.com\/","logo":{"@type":"ImageObject","inLanguage":"fr-FR","@id":"https:\/\/centimani-solutions.com\/#\/schema\/logo\/image\/","url":"https:\/\/centimani-solutions.com\/wp-content\/uploads\/2022\/06\/cropped-Logo-Centimani.jpg","contentUrl":"https:\/\/centimani-solutions.com\/wp-content\/uploads\/2022\/06\/cropped-Logo-Centimani.jpg","width":512,"height":512,"caption":"Centimani Solutions"},"image":{"@id":"https:\/\/centimani-solutions.com\/#\/schema\/logo\/image\/"}}]}},"_links":{"self":[{"href":"https:\/\/centimani-solutions.com\/fr\/wp-json\/wp\/v2\/pages\/111759","targetHints":{"allow":["GET"]}}],"collection":[{"href":"https:\/\/centimani-solutions.com\/fr\/wp-json\/wp\/v2\/pages"}],"about":[{"href":"https:\/\/centimani-solutions.com\/fr\/wp-json\/wp\/v2\/types\/page"}],"author":[{"embeddable":true,"href":"https:\/\/centimani-solutions.com\/fr\/wp-json\/wp\/v2\/users\/1"}],"replies":[{"embeddable":true,"href":"https:\/\/centimani-solutions.com\/fr\/wp-json\/wp\/v2\/comments?post=111759"}],"version-history":[{"count":0,"href":"https:\/\/centimani-solutions.com\/fr\/wp-json\/wp\/v2\/pages\/111759\/revisions"}],"wp:featuredmedia":[{"embeddable":true,"href":"https:\/\/centimani-solutions.com\/fr\/wp-json\/wp\/v2\/media\/111482"}],"wp:attachment":[{"href":"https:\/\/centimani-solutions.com\/fr\/wp-json\/wp\/v2\/media?parent=111759"}],"curies":[{"name":"wp","href":"https:\/\/api.w.org\/{rel}","templated":true}]}}