{"id":111763,"date":"2022-06-15T21:43:41","date_gmt":"2022-06-15T21:43:41","guid":{"rendered":"https:\/\/centimani-solutions.com\/team\/"},"modified":"2023-03-31T19:21:43","modified_gmt":"2023-03-31T19:21:43","slug":"notre-equipe","status":"publish","type":"page","link":"https:\/\/centimani-solutions.com\/fr\/notre-equipe\/","title":{"rendered":"Notre \u00e9quipe"},"content":{"rendered":"<div class=\"wpb-content-wrapper\"><p>[vc_row row_height_percent=\u00a0\u00bb0&Prime; override_padding=\u00a0\u00bbyes\u00a0\u00bb h_padding=\u00a0\u00bb2&Prime; top_padding=\u00a0\u00bb5&Prime; bottom_padding=\u00a0\u00bb5&Prime; back_color=\u00a0\u00bbcolor-lxmt\u00a0\u00bb overlay_alpha=\u00a0\u00bb100&Prime; gutter_size=\u00a0\u00bb2&Prime; column_width_percent=\u00a0\u00bb100&Prime; border_color=\u00a0\u00bbcolor-gyho\u00a0\u00bb border_style=\u00a0\u00bbsolid\u00a0\u00bb shift_y=\u00a0\u00bb0&Prime; z_index=\u00a0\u00bb0&Prime; style=\u00a0\u00bbinherited\u00a0\u00bb css=\u00a0\u00bb.vc_custom_1655764978049{border-bottom-width: 1px !important;}\u00a0\u00bb uncode_shortcode_id=\u00a0\u00bb353975&Prime; back_color_type=\u00a0\u00bbuncode-palette\u00a0\u00bb border_color_type=\u00a0\u00bbuncode-palette\u00a0\u00bb][vc_column column_width_use_pixel=\u00a0\u00bbyes\u00a0\u00bb align_horizontal=\u00a0\u00bbalign_center\u00a0\u00bb gutter_size=\u00a0\u00bb3&Prime; overlay_alpha=\u00a0\u00bb50&Prime; shift_x=\u00a0\u00bb0&Prime; shift_y=\u00a0\u00bb0&Prime; shift_y_down=\u00a0\u00bb0&Prime; z_index=\u00a0\u00bb0&Prime; medium_width=\u00a0\u00bb0&Prime; mobile_width=\u00a0\u00bb0&Prime; width=\u00a0\u00bb1\/1&Prime; uncode_shortcode_id=\u00a0\u00bb173301&Prime; column_width_pixel=\u00a0\u00bb1200&Prime;][vc_custom_heading text_color=\u00a0\u00bbaccent\u00a0\u00bb heading_semantic=\u00a0\u00bbh6&Prime; text_size=\u00a0\u00bbfontsize-160000&Prime; text_transform=\u00a0\u00bbuppercase\u00a0\u00bb text_space=\u00a0\u00bbfontspace-135905&Prime; uncode_shortcode_id=\u00a0\u00bb199142&Prime; text_color_type=\u00a0\u00bbuncode-palette\u00a0\u00bb]Centimani Solutions[\/vc_custom_heading][vc_custom_heading heading_semantic=\u00a0\u00bbh3&Prime; text_font=\u00a0\u00bbfont-266456&Prime; text_size=\u00a0\u00bbfontsize-155944&Prime; text_weight=\u00a0\u00bb500&Prime; uncode_shortcode_id=\u00a0\u00bb363798&Prime; text_color_type=\u00a0\u00bbuncode-palette\u00a0\u00bb text_color_solid=\u00a0\u00bb#ff0000&Prime; subheading=\u00a0\u00bbCentimani Solutions a \u00e9t\u00e9 cr\u00e9\u00e9e en 2018 par trois experts de l\u2019industrie et de l\u2019humanitaire.<br \/>\nNous nous appuyons sur et entretenons un r\u00e9seau mondial de professionnels de l&rsquo;industrie et de l&rsquo;humanitaire.<br \/>\nCe r\u00e9seau nous permet de r\u00e9pondre aux besoins des clients presque partout dans le monde,<br \/>\net de nous assurer que les efforts d&rsquo;intervention sont men\u00e9s aussi localement que possible.\u00a0\u00bb]Notre \u00e9quipe[\/vc_custom_heading][vc_separator sep_color=\u00a0\u00bbaccent\u00a0\u00bb uncode_shortcode_id=\u00a0\u00bb675127&Prime; sep_color_type=\u00a0\u00bbuncode-palette\u00a0\u00bb el_width=\u00a0\u00bb64px\u00a0\u00bb el_height=\u00a0\u00bb2px\u00a0\u00bb][vc_gallery el_id=\u00a0\u00bbgallery-318462&Prime; medias=\u00a0\u00bb111904,9,10&Prime; gutter_size=\u00a0\u00bb2&Prime; media_items=\u00a0\u00bbmedia|custom_link|original,icon,title,caption\u00a0\u00bb screen_lg=\u00a0\u00bb1000&Prime; screen_md=\u00a0\u00bb600&Prime; screen_sm=\u00a0\u00bb480&Prime; single_text=\u00a0\u00bbunder\u00a0\u00bb images_size=\u00a0\u00bbone-one\u00a0\u00bb single_overlay_opacity=\u00a0\u00bb50&Prime; single_image_anim=\u00a0\u00bbno\u00a0\u00bb single_h_align=\u00a0\u00bbcenter\u00a0\u00bb single_padding=\u00a0\u00bb1&Prime; single_title_dimension=\u00a0\u00bbh6&Prime; single_icon=\u00a0\u00bbfa fa-search-plus\u00a0\u00bb single_border=\u00a0\u00bbyes\u00a0\u00bb lbox_title=\u00a0\u00bbyes\u00a0\u00bb lbox_caption=\u00a0\u00bbyes\u00a0\u00bb carousel_rtl=\u00a0\u00bb\u00a0\u00bb single_half_padding=\u00a0\u00bbyes\u00a0\u00bb single_title_serif=\u00a0\u00bb\u00a0\u00bb single_no_background=\u00a0\u00bbyes\u00a0\u00bb items=\u00a0\u00bbeyIxMzc2M19pIjp7InNpbmdsZV9saW5rIjoidXJsOmh0dHAlM0ElMkYlMkZ3d3cudW5kc2duLmNvbXx8dGFyZ2V0OiUyMF9ibGFuayJ9LCIxMzc2OV9pIjp7InNpbmdsZV9saW5rIjoidXJsOmh0dHAlM0ElMkYlMkZ3d3cudW5kc2duLmNvbXx8dGFyZ2V0OiUyMF9ibGFuayJ9LCIxMzc3MF9pIjp7InNpbmdsZV9saW5rIjoidXJsOmh0dHAlM0ElMkYlMkZ3d3cudW5kc2duLmNvbXx8dGFyZ2V0OiUyMF9ibGFuayJ9LCIxMzc2Nl9pIjp7InNpbmdsZV9saW5rIjoidXJsOmh0dHAlM0ElMkYlMkZ3d3cudW5kc2duLmNvbXx8dGFyZ2V0OiUyMF9ibGFuayJ9LCI5X2kiOnsic2luZ2xlX2xpbmsiOiJ1cmw6aHR0cHMlM0ElMkYlMkZjZW50aW1hbmktc29sdXRpb25zLmNvbSUyRmZyJTJGb21hci10YWhhJTJGfHRpdGxlOk9tYXIlMjBUYWhhIn0sIjE0X2kiOnsic2luZ2xlX2xpbmsiOiJ1cmw6aHR0cHMlM0ElMkYlMkZjZW50aW1hbmktc29sdXRpb25zLmNvbSUyRmZyJTJGZ3VpbGxhdW1lLXNhdXZhZ2UlMkZ8dGl0bGU6R3VpbGxhdW1lJTIwU2F1dmFnZSJ9LCIxMF9pIjp7InNpbmdsZV9saW5rIjoidXJsOmh0dHBzJTNBJTJGJTJGY2VudGltYW5pLXNvbHV0aW9ucy5jb20lMkZmciUyRnRoaWJhdWx0LW1hcnRlbm90JTJGfHRpdGxlOlRoaWJhdWx0JTIwTWFydGVub3QifSwiMTExOTA0X2kiOnsic2luZ2xlX2xpbmsiOiJ1cmw6aHR0cHMlM0ElMkYlMkZjZW50aW1hbmktc29sdXRpb25zLmNvbSUyRmZyJTJGZ3VpbGxhdW1lLXNhdXZhZ2UlMkZ8dGl0bGU6R3VpbGxhdW1lJTIwU2F1dmFnZSJ9fQ==\u00a0\u00bb uncode_shortcode_id=\u00a0\u00bb458672&Prime;][\/vc_column][\/vc_row]<\/p>\n<\/div>","protected":false},"excerpt":{"rendered":"<p>[vc_row row_height_percent=\u00a0\u00bb0&Prime; override_padding=\u00a0\u00bbyes\u00a0\u00bb h_padding=\u00a0\u00bb2&Prime; top_padding=\u00a0\u00bb5&Prime; bottom_padding=\u00a0\u00bb5&Prime; back_color=\u00a0\u00bbcolor-lxmt\u00a0\u00bb overlay_alpha=\u00a0\u00bb100&Prime; gutter_size=\u00a0\u00bb2&Prime; column_width_percent=\u00a0\u00bb100&Prime; border_color=\u00a0\u00bbcolor-gyho\u00a0\u00bb border_style=\u00a0\u00bbsolid\u00a0\u00bb shift_y=\u00a0\u00bb0&Prime; z_index=\u00a0\u00bb0&Prime; style=\u00a0\u00bbinherited\u00a0\u00bb css=\u00a0\u00bb.vc_custom_1655764978049{border-bottom-width: 1px !important;}\u00a0\u00bb uncode_shortcode_id=\u00a0\u00bb353975&Prime; back_color_type=\u00a0\u00bbuncode-palette\u00a0\u00bb [&hellip;]<\/p>\n","protected":false},"author":1,"featured_media":0,"parent":0,"menu_order":0,"comment_status":"closed","ping_status":"closed","template":"","meta":{"footnotes":""},"class_list":["post-111763","page","type-page","status-publish","hentry","page_category-english-fr"],"yoast_head":"<!-- This site is optimized with the Yoast SEO plugin v27.3 - https:\/\/yoast.com\/product\/yoast-seo-wordpress\/ -->\n<title>Notre \u00e9quipe - Centimani Solutions<\/title>\n<meta name=\"robots\" content=\"index, follow, max-snippet:-1, max-image-preview:large, max-video-preview:-1\" \/>\n<link rel=\"canonical\" href=\"https:\/\/centimani-solutions.com\/fr\/notre-equipe\/\" \/>\n<meta property=\"og:locale\" content=\"fr_FR\" \/>\n<meta property=\"og:type\" content=\"article\" \/>\n<meta property=\"og:title\" content=\"Notre \u00e9quipe - Centimani Solutions\" \/>\n<meta property=\"og:description\" content=\"[vc_row row_height_percent=\u00a0\u00bb0&Prime; override_padding=\u00a0\u00bbyes\u00a0\u00bb h_padding=\u00a0\u00bb2&Prime; top_padding=\u00a0\u00bb5&Prime; bottom_padding=\u00a0\u00bb5&Prime; back_color=\u00a0\u00bbcolor-lxmt\u00a0\u00bb overlay_alpha=\u00a0\u00bb100&Prime; gutter_size=\u00a0\u00bb2&Prime; column_width_percent=\u00a0\u00bb100&Prime; border_color=\u00a0\u00bbcolor-gyho\u00a0\u00bb border_style=\u00a0\u00bbsolid\u00a0\u00bb shift_y=\u00a0\u00bb0&Prime; z_index=\u00a0\u00bb0&Prime; style=\u00a0\u00bbinherited\u00a0\u00bb css=\u00a0\u00bb.vc_custom_1655764978049{border-bottom-width: 1px !important;}\u00a0\u00bb uncode_shortcode_id=\u00a0\u00bb353975&Prime; back_color_type=\u00a0\u00bbuncode-palette\u00a0\u00bb [&hellip;]\" \/>\n<meta property=\"og:url\" content=\"https:\/\/centimani-solutions.com\/fr\/notre-equipe\/\" \/>\n<meta property=\"og:site_name\" content=\"Centimani Solutions\" \/>\n<meta property=\"article:modified_time\" content=\"2023-03-31T19:21:43+00:00\" \/>\n<meta name=\"twitter:card\" content=\"summary_large_image\" \/>\n<meta name=\"twitter:label1\" content=\"Dur\u00e9e de lecture estim\u00e9e\" \/>\n\t<meta name=\"twitter:data1\" content=\"1 minute\" \/>\n<script type=\"application\/ld+json\" class=\"yoast-schema-graph\">{\"@context\":\"https:\\\/\\\/schema.org\",\"@graph\":[{\"@type\":\"WebPage\",\"@id\":\"https:\\\/\\\/centimani-solutions.com\\\/fr\\\/notre-equipe\\\/\",\"url\":\"https:\\\/\\\/centimani-solutions.com\\\/fr\\\/notre-equipe\\\/\",\"name\":\"Notre \u00e9quipe - Centimani Solutions\",\"isPartOf\":{\"@id\":\"https:\\\/\\\/centimani-solutions.com\\\/#website\"},\"datePublished\":\"2022-06-15T21:43:41+00:00\",\"dateModified\":\"2023-03-31T19:21:43+00:00\",\"breadcrumb\":{\"@id\":\"https:\\\/\\\/centimani-solutions.com\\\/fr\\\/notre-equipe\\\/#breadcrumb\"},\"inLanguage\":\"fr-FR\",\"potentialAction\":[{\"@type\":\"ReadAction\",\"target\":[\"https:\\\/\\\/centimani-solutions.com\\\/fr\\\/notre-equipe\\\/\"]}]},{\"@type\":\"BreadcrumbList\",\"@id\":\"https:\\\/\\\/centimani-solutions.com\\\/fr\\\/notre-equipe\\\/#breadcrumb\",\"itemListElement\":[{\"@type\":\"ListItem\",\"position\":1,\"name\":\"Home\",\"item\":\"https:\\\/\\\/centimani-solutions.com\\\/fr\\\/\"},{\"@type\":\"ListItem\",\"position\":2,\"name\":\"Notre \u00e9quipe\"}]},{\"@type\":\"WebSite\",\"@id\":\"https:\\\/\\\/centimani-solutions.com\\\/#website\",\"url\":\"https:\\\/\\\/centimani-solutions.com\\\/\",\"name\":\"Centimani Solutions\",\"description\":\"We focus on the localization of humanitarian\",\"publisher\":{\"@id\":\"https:\\\/\\\/centimani-solutions.com\\\/#organization\"},\"potentialAction\":[{\"@type\":\"SearchAction\",\"target\":{\"@type\":\"EntryPoint\",\"urlTemplate\":\"https:\\\/\\\/centimani-solutions.com\\\/?s={search_term_string}\"},\"query-input\":{\"@type\":\"PropertyValueSpecification\",\"valueRequired\":true,\"valueName\":\"search_term_string\"}}],\"inLanguage\":\"fr-FR\"},{\"@type\":\"Organization\",\"@id\":\"https:\\\/\\\/centimani-solutions.com\\\/#organization\",\"name\":\"Centimani Solutions\",\"url\":\"https:\\\/\\\/centimani-solutions.com\\\/\",\"logo\":{\"@type\":\"ImageObject\",\"inLanguage\":\"fr-FR\",\"@id\":\"https:\\\/\\\/centimani-solutions.com\\\/#\\\/schema\\\/logo\\\/image\\\/\",\"url\":\"https:\\\/\\\/centimani-solutions.com\\\/wp-content\\\/uploads\\\/2022\\\/06\\\/cropped-Logo-Centimani.jpg\",\"contentUrl\":\"https:\\\/\\\/centimani-solutions.com\\\/wp-content\\\/uploads\\\/2022\\\/06\\\/cropped-Logo-Centimani.jpg\",\"width\":512,\"height\":512,\"caption\":\"Centimani Solutions\"},\"image\":{\"@id\":\"https:\\\/\\\/centimani-solutions.com\\\/#\\\/schema\\\/logo\\\/image\\\/\"}}]}<\/script>\n<!-- \/ Yoast SEO plugin. -->","yoast_head_json":{"title":"Notre \u00e9quipe - Centimani Solutions","robots":{"index":"index","follow":"follow","max-snippet":"max-snippet:-1","max-image-preview":"max-image-preview:large","max-video-preview":"max-video-preview:-1"},"canonical":"https:\/\/centimani-solutions.com\/fr\/notre-equipe\/","og_locale":"fr_FR","og_type":"article","og_title":"Notre \u00e9quipe - Centimani Solutions","og_description":"[vc_row row_height_percent=\u00a0\u00bb0&Prime; override_padding=\u00a0\u00bbyes\u00a0\u00bb h_padding=\u00a0\u00bb2&Prime; top_padding=\u00a0\u00bb5&Prime; bottom_padding=\u00a0\u00bb5&Prime; back_color=\u00a0\u00bbcolor-lxmt\u00a0\u00bb overlay_alpha=\u00a0\u00bb100&Prime; gutter_size=\u00a0\u00bb2&Prime; column_width_percent=\u00a0\u00bb100&Prime; border_color=\u00a0\u00bbcolor-gyho\u00a0\u00bb border_style=\u00a0\u00bbsolid\u00a0\u00bb shift_y=\u00a0\u00bb0&Prime; z_index=\u00a0\u00bb0&Prime; style=\u00a0\u00bbinherited\u00a0\u00bb css=\u00a0\u00bb.vc_custom_1655764978049{border-bottom-width: 1px !important;}\u00a0\u00bb uncode_shortcode_id=\u00a0\u00bb353975&Prime; back_color_type=\u00a0\u00bbuncode-palette\u00a0\u00bb [&hellip;]","og_url":"https:\/\/centimani-solutions.com\/fr\/notre-equipe\/","og_site_name":"Centimani Solutions","article_modified_time":"2023-03-31T19:21:43+00:00","twitter_card":"summary_large_image","twitter_misc":{"Dur\u00e9e de lecture estim\u00e9e":"1 minute"},"schema":{"@context":"https:\/\/schema.org","@graph":[{"@type":"WebPage","@id":"https:\/\/centimani-solutions.com\/fr\/notre-equipe\/","url":"https:\/\/centimani-solutions.com\/fr\/notre-equipe\/","name":"Notre \u00e9quipe - Centimani Solutions","isPartOf":{"@id":"https:\/\/centimani-solutions.com\/#website"},"datePublished":"2022-06-15T21:43:41+00:00","dateModified":"2023-03-31T19:21:43+00:00","breadcrumb":{"@id":"https:\/\/centimani-solutions.com\/fr\/notre-equipe\/#breadcrumb"},"inLanguage":"fr-FR","potentialAction":[{"@type":"ReadAction","target":["https:\/\/centimani-solutions.com\/fr\/notre-equipe\/"]}]},{"@type":"BreadcrumbList","@id":"https:\/\/centimani-solutions.com\/fr\/notre-equipe\/#breadcrumb","itemListElement":[{"@type":"ListItem","position":1,"name":"Home","item":"https:\/\/centimani-solutions.com\/fr\/"},{"@type":"ListItem","position":2,"name":"Notre \u00e9quipe"}]},{"@type":"WebSite","@id":"https:\/\/centimani-solutions.com\/#website","url":"https:\/\/centimani-solutions.com\/","name":"Centimani Solutions","description":"We focus on the localization of humanitarian","publisher":{"@id":"https:\/\/centimani-solutions.com\/#organization"},"potentialAction":[{"@type":"SearchAction","target":{"@type":"EntryPoint","urlTemplate":"https:\/\/centimani-solutions.com\/?s={search_term_string}"},"query-input":{"@type":"PropertyValueSpecification","valueRequired":true,"valueName":"search_term_string"}}],"inLanguage":"fr-FR"},{"@type":"Organization","@id":"https:\/\/centimani-solutions.com\/#organization","name":"Centimani Solutions","url":"https:\/\/centimani-solutions.com\/","logo":{"@type":"ImageObject","inLanguage":"fr-FR","@id":"https:\/\/centimani-solutions.com\/#\/schema\/logo\/image\/","url":"https:\/\/centimani-solutions.com\/wp-content\/uploads\/2022\/06\/cropped-Logo-Centimani.jpg","contentUrl":"https:\/\/centimani-solutions.com\/wp-content\/uploads\/2022\/06\/cropped-Logo-Centimani.jpg","width":512,"height":512,"caption":"Centimani Solutions"},"image":{"@id":"https:\/\/centimani-solutions.com\/#\/schema\/logo\/image\/"}}]}},"_links":{"self":[{"href":"https:\/\/centimani-solutions.com\/fr\/wp-json\/wp\/v2\/pages\/111763","targetHints":{"allow":["GET"]}}],"collection":[{"href":"https:\/\/centimani-solutions.com\/fr\/wp-json\/wp\/v2\/pages"}],"about":[{"href":"https:\/\/centimani-solutions.com\/fr\/wp-json\/wp\/v2\/types\/page"}],"author":[{"embeddable":true,"href":"https:\/\/centimani-solutions.com\/fr\/wp-json\/wp\/v2\/users\/1"}],"replies":[{"embeddable":true,"href":"https:\/\/centimani-solutions.com\/fr\/wp-json\/wp\/v2\/comments?post=111763"}],"version-history":[{"count":0,"href":"https:\/\/centimani-solutions.com\/fr\/wp-json\/wp\/v2\/pages\/111763\/revisions"}],"wp:attachment":[{"href":"https:\/\/centimani-solutions.com\/fr\/wp-json\/wp\/v2\/media?parent=111763"}],"curies":[{"name":"wp","href":"https:\/\/api.w.org\/{rel}","templated":true}]}}