{"id":111773,"date":"2022-06-15T20:26:38","date_gmt":"2022-06-15T20:26:38","guid":{"rendered":"https:\/\/centimani-solutions.com\/thibault-martenot\/"},"modified":"2023-03-31T19:21:31","modified_gmt":"2023-03-31T19:21:31","slug":"thibault-martenot","status":"publish","type":"page","link":"https:\/\/centimani-solutions.com\/fr\/thibault-martenot\/","title":{"rendered":"Thibault Martenot"},"content":{"rendered":"<div class=\"wpb-content-wrapper\"><p>[vc_row row_height_percent=\u00a0\u00bb0&Prime; override_padding=\u00a0\u00bbyes\u00a0\u00bb h_padding=\u00a0\u00bb2&Prime; top_padding=\u00a0\u00bb5&Prime; bottom_padding=\u00a0\u00bb5&Prime; back_image=\u00a0\u00bb110547&Prime; overlay_color=\u00a0\u00bbcolor-xsdn\u00a0\u00bb overlay_alpha=\u00a0\u00bb90&Prime; gutter_size=\u00a0\u00bb4&Prime; column_width_percent=\u00a0\u00bb100&Prime; shift_y=\u00a0\u00bb0&Prime; z_index=\u00a0\u00bb0&Prime; row_name=\u00a0\u00bbContact\u00a0\u00bb][vc_column column_width_percent=\u00a0\u00bb100&Prime; position_vertical=\u00a0\u00bbmiddle\u00a0\u00bb gutter_size=\u00a0\u00bb0&Prime; overlay_alpha=\u00a0\u00bb50&Prime; shift_x=\u00a0\u00bb0&Prime; shift_y=\u00a0\u00bb0&Prime; shift_y_down=\u00a0\u00bb0&Prime; z_index=\u00a0\u00bb0&Prime; medium_width=\u00a0\u00bb0&Prime; mobile_width=\u00a0\u00bb0&Prime; width=\u00a0\u00bb1\/1&Prime;][vc_row_inner row_inner_height_percent=\u00a0\u00bb0&Prime; overlay_alpha=\u00a0\u00bb50&Prime; gutter_size=\u00a0\u00bb4&Prime; shift_y=\u00a0\u00bb0&Prime; z_index=\u00a0\u00bb0&Prime; limit_content=\u00a0\u00bb\u00a0\u00bb][vc_column_inner width=\u00a0\u00bb1\/2&Prime;][vc_custom_heading heading_semantic=\u00a0\u00bbh6&Prime; text_size=\u00a0\u00bbfontsize-160000&Prime; text_transform=\u00a0\u00bbuppercase\u00a0\u00bb text_space=\u00a0\u00bbfontspace-135905&Prime; uncode_shortcode_id=\u00a0\u00bb174705&Prime;]Bio[\/vc_custom_heading][vc_custom_heading text_color=\u00a0\u00bbaccent\u00a0\u00bb heading_semantic=\u00a0\u00bbh3&Prime; text_size=\u00a0\u00bbfontsize-338686&Prime; text_height=\u00a0\u00bbfontheight-179065&Prime; uncode_shortcode_id=\u00a0\u00bb919166&Prime; text_color_type=\u00a0\u00bbuncode-palette\u00a0\u00bb]Thibault Martenot[\/vc_custom_heading][vc_custom_heading text_font=\u00a0\u00bbfont-339240&Prime; text_size=\u00a0\u00bbh3&Prime; text_height=\u00a0\u00bbfontheight-179065&Prime; uncode_shortcode_id=\u00a0\u00bb150459&Prime;]Co-fondateur et associ\u00e9[\/vc_custom_heading][vc_column_text uncode_shortcode_id=\u00a0\u00bb206057&Prime;]Un ing\u00e9nieur qualit\u00e9 agroalimentaire certifi\u00e9, Thibault a plus de 15 ans d&rsquo;exp\u00e9rience dans les industries alimentaires et pharmaceutiques. Il est reconnu pour \u00eatre un conseiller perspicace et un formateur pour les organisations industrielles. Sp\u00e9cialis\u00e9 dans la gestion de la qualit\u00e9 et l&rsquo;optimisation de la cha\u00eene d&rsquo;approvisionnement, il a occup\u00e9 des postes de direction chez le leader mondial de la fabrication de RUF pendant huit ans, et a dirig\u00e9 des projets majeurs o\u00f9 il a r\u00e9guli\u00e8rement interagit avec les fournisseurs, les concurrents et les clients du march\u00e9, souvent simultan\u00e9ment.<\/p>\n<p>Les atouts de Thibault sont compl\u00e9t\u00e9s par son expertise technique en Ing\u00e9nierie et Gestion des Op\u00e9rations, sa large connaissance des normes de qualit\u00e9, sa capacit\u00e9 \u00e0 assimiler et synth\u00e9tiser des probl\u00e9matiques complexes, ainsi que ses qualit\u00e9s de communication et de diplomatie.<\/p>\n<p>Exp\u00e9rience et expertise compl\u00e8tes en transfert de technologie (sept pays d&rsquo;Afrique, 10+ au total) et direction de projets complexes dans des contextes multiculturels. Langue maternelle fran\u00e7aise et ma\u00eetrise de l&rsquo;anglais.<\/p>\n<p>[\/vc_column_text][vc_custom_heading heading_semantic=\u00a0\u00bbh3&Prime; subheading=\u00a0\u00bbSi vous le souhaitez, envoyez-moi vos questions, commentaires ou suggestions. Je vous r\u00e9pondrai d\u00e8s que possible.\u00a0\u00bb uncode_shortcode_id=\u00a0\u00bb910666&Prime;]Envoyez-moi un message[\/vc_custom_heading]\n<div class=\"wpcf7 no-js\" id=\"wpcf7-f111825-o1\" lang=\"fr-FR\" dir=\"ltr\" data-wpcf7-id=\"111825\">\n<div class=\"screen-reader-response\"><p role=\"status\" aria-live=\"polite\" aria-atomic=\"true\"><\/p> <ul><\/ul><\/div>\n<form action=\"\/fr\/wp-json\/wp\/v2\/pages\/111773#wpcf7-f111825-o1\" method=\"post\" class=\"wpcf7-form init input-background form-no-labels\" aria-label=\"Formulaire de contact\" novalidate=\"novalidate\" data-status=\"init\">\n<fieldset class=\"hidden-fields-container\"><input type=\"hidden\" name=\"_wpcf7\" value=\"111825\" \/><input type=\"hidden\" name=\"_wpcf7_version\" value=\"6.1.5\" \/><input type=\"hidden\" name=\"_wpcf7_locale\" value=\"fr_FR\" \/><input type=\"hidden\" name=\"_wpcf7_unit_tag\" value=\"wpcf7-f111825-o1\" \/><input type=\"hidden\" name=\"_wpcf7_container_post\" value=\"0\" \/><input type=\"hidden\" name=\"_wpcf7_posted_data_hash\" value=\"\" \/><input type=\"hidden\" name=\"_wpcf7_recaptcha_response\" value=\"\" \/>\n<\/fieldset>\n<p><span class=\"wpcf7-form-control-wrap\" data-name=\"your-firstname\"><input size=\"40\" maxlength=\"400\" class=\"wpcf7-form-control wpcf7-text wpcf7-validates-as-required form-fluid form-xl\" aria-required=\"true\" aria-invalid=\"false\" placeholder=\"Nom\" value=\"\" type=\"text\" name=\"your-firstname\" \/><\/span>\n<\/p>\n<p><span class=\"wpcf7-form-control-wrap\" data-name=\"your-message\"><textarea cols=\"40\" rows=\"10\" maxlength=\"2000\" class=\"wpcf7-form-control wpcf7-textarea form-xl\" aria-invalid=\"false\" placeholder=\"Message\" name=\"your-message\"><\/textarea><\/span>\n<\/p>\n<p>\n<span class=\"wpcf7-form-control-wrap recaptcha\" data-name=\"recaptcha\"><span data-sitekey=\"6Le_TMsgAAAAAFD2XteEvbzel6eIsl-NpX5g1BEL\" class=\"wpcf7-form-control wpcf7-recaptcha g-recaptcha\"><\/span>\r\n<noscript>\r\n\t<div class=\"grecaptcha-noscript\">\r\n\t\t<iframe src=\"https:\/\/www.google.com\/recaptcha\/api\/fallback?k=6Le_TMsgAAAAAFD2XteEvbzel6eIsl-NpX5g1BEL\" frameborder=\"0\" scrolling=\"no\" width=\"310\" height=\"430\">\r\n\t\t<\/iframe>\r\n\t\t<textarea name=\"g-recaptcha-response\" rows=\"3\" cols=\"40\" placeholder=\"reCaptcha Response Here\">\r\n\t\t<\/textarea>\r\n\t<\/div>\r\n<\/noscript>\r\n<\/span>\n<\/p>\n<p><input class=\"wpcf7-form-control wpcf7-submit has-spinner btn btn-accent btn-xl btn-flat btn-custom-typo font-weight-400\" type=\"submit\" value=\"envoyer\" \/>\n<\/p><div class=\"wpcf7-response-output\" aria-hidden=\"true\"><\/div>\n<\/form>\n<\/div>\n[\/vc_column_inner][vc_column_inner column_width_percent=\u00a0\u00bb100&Prime; gutter_size=\u00a0\u00bb3&Prime; overlay_alpha=\u00a0\u00bb50&Prime; shift_x=\u00a0\u00bb0&Prime; shift_y=\u00a0\u00bb0&Prime; shift_y_down=\u00a0\u00bb0&Prime; z_index=\u00a0\u00bb0&Prime; medium_width=\u00a0\u00bb0&Prime; mobile_width=\u00a0\u00bb0&Prime; sticky=\u00a0\u00bbyes\u00a0\u00bb width=\u00a0\u00bb1\/2&Prime; uncode_shortcode_id=\u00a0\u00bb317542&Prime;][vc_single_image media=\u00a0\u00bb10&Prime; media_width_percent=\u00a0\u00bb100&Prime; shape=\u00a0\u00bbimg-circle\u00a0\u00bb uncode_shortcode_id=\u00a0\u00bb207048&Prime;][\/vc_column_inner][\/vc_row_inner][\/vc_column][\/vc_row][vc_row row_height_percent=\u00a0\u00bb50&Prime; override_padding=\u00a0\u00bbyes\u00a0\u00bb h_padding=\u00a0\u00bb2&Prime; top_padding=\u00a0\u00bb5&Prime; bottom_padding=\u00a0\u00bb5&Prime; back_color=\u00a0\u00bbcolor-wayh\u00a0\u00bb back_image=\u00a0\u00bb110666&Prime; parallax=\u00a0\u00bbyes\u00a0\u00bb kburns=\u00a0\u00bbyes\u00a0\u00bb overlay_color=\u00a0\u00bbcolor-wayh\u00a0\u00bb overlay_alpha=\u00a0\u00bb50&Prime; gutter_size=\u00a0\u00bb3&Prime; column_width_percent=\u00a0\u00bb100&Prime; shift_y=\u00a0\u00bb0&Prime; z_index=\u00a0\u00bb0&Prime; uncode_shortcode_id=\u00a0\u00bb128965&Prime; back_color_type=\u00a0\u00bbuncode-palette\u00a0\u00bb overlay_color_type=\u00a0\u00bbuncode-palette\u00a0\u00bb][vc_column column_width_percent=\u00a0\u00bb75&Prime; position_horizontal=\u00a0\u00bbleft\u00a0\u00bb position_vertical=\u00a0\u00bbbottom\u00a0\u00bb gutter_size=\u00a0\u00bb3&Prime; style=\u00a0\u00bbdark\u00a0\u00bb overlay_alpha=\u00a0\u00bb50&Prime; shift_x=\u00a0\u00bb0&Prime; shift_y=\u00a0\u00bb0&Prime; shift_y_down=\u00a0\u00bb0&Prime; z_index=\u00a0\u00bb0&Prime; medium_width=\u00a0\u00bb0&Prime; mobile_width=\u00a0\u00bb0&Prime; width=\u00a0\u00bb1\/1&Prime; mobile_height=\u00a0\u00bb360&Prime;][\/vc_column][\/vc_row]<\/p>\n<\/div>","protected":false},"excerpt":{"rendered":"<p>[vc_row row_height_percent=\u00a0\u00bb0&Prime; override_padding=\u00a0\u00bbyes\u00a0\u00bb h_padding=\u00a0\u00bb2&Prime; top_padding=\u00a0\u00bb5&Prime; bottom_padding=\u00a0\u00bb5&Prime; back_image=\u00a0\u00bb110547&Prime; overlay_color=\u00a0\u00bbcolor-xsdn\u00a0\u00bb overlay_alpha=\u00a0\u00bb90&Prime; gutter_size=\u00a0\u00bb4&Prime; column_width_percent=\u00a0\u00bb100&Prime; shift_y=\u00a0\u00bb0&Prime; z_index=\u00a0\u00bb0&Prime; row_name=\u00a0\u00bbContact\u00a0\u00bb][vc_column column_width_percent=\u00a0\u00bb100&Prime; position_vertical=\u00a0\u00bbmiddle\u00a0\u00bb gutter_size=\u00a0\u00bb0&Prime; overlay_alpha=\u00a0\u00bb50&Prime; shift_x=\u00a0\u00bb0&Prime; shift_y=\u00a0\u00bb0&Prime; [&hellip;]<\/p>\n","protected":false},"author":1,"featured_media":111112,"parent":0,"menu_order":0,"comment_status":"closed","ping_status":"closed","template":"","meta":{"footnotes":""},"class_list":["post-111773","page","type-page","status-publish","has-post-thumbnail","hentry","page_category-english-fr"],"yoast_head":"<!-- This site is optimized with the Yoast SEO plugin v27.3 - https:\/\/yoast.com\/product\/yoast-seo-wordpress\/ -->\n<title>Thibault Martenot - Centimani Solutions<\/title>\n<meta name=\"robots\" content=\"index, follow, max-snippet:-1, max-image-preview:large, max-video-preview:-1\" \/>\n<link rel=\"canonical\" href=\"https:\/\/centimani-solutions.com\/fr\/thibault-martenot\/\" \/>\n<meta property=\"og:locale\" content=\"fr_FR\" \/>\n<meta property=\"og:type\" content=\"article\" \/>\n<meta property=\"og:title\" content=\"Thibault Martenot - Centimani Solutions\" \/>\n<meta property=\"og:description\" content=\"[vc_row row_height_percent=\u00a0\u00bb0&Prime; override_padding=\u00a0\u00bbyes\u00a0\u00bb h_padding=\u00a0\u00bb2&Prime; top_padding=\u00a0\u00bb5&Prime; bottom_padding=\u00a0\u00bb5&Prime; back_image=\u00a0\u00bb110547&Prime; overlay_color=\u00a0\u00bbcolor-xsdn\u00a0\u00bb overlay_alpha=\u00a0\u00bb90&Prime; gutter_size=\u00a0\u00bb4&Prime; column_width_percent=\u00a0\u00bb100&Prime; shift_y=\u00a0\u00bb0&Prime; z_index=\u00a0\u00bb0&Prime; row_name=\u00a0\u00bbContact\u00a0\u00bb][vc_column column_width_percent=\u00a0\u00bb100&Prime; position_vertical=\u00a0\u00bbmiddle\u00a0\u00bb gutter_size=\u00a0\u00bb0&Prime; overlay_alpha=\u00a0\u00bb50&Prime; shift_x=\u00a0\u00bb0&Prime; shift_y=\u00a0\u00bb0&Prime; [&hellip;]\" \/>\n<meta property=\"og:url\" content=\"https:\/\/centimani-solutions.com\/fr\/thibault-martenot\/\" \/>\n<meta property=\"og:site_name\" content=\"Centimani Solutions\" \/>\n<meta property=\"article:modified_time\" content=\"2023-03-31T19:21:31+00:00\" \/>\n<meta property=\"og:image\" content=\"https:\/\/centimani-solutions.com\/wp-content\/uploads\/2022\/06\/centimani-solutions-thibault-martenot.jpg\" \/>\n\t<meta property=\"og:image:width\" content=\"395\" \/>\n\t<meta property=\"og:image:height\" content=\"410\" \/>\n\t<meta property=\"og:image:type\" content=\"image\/jpeg\" \/>\n<meta name=\"twitter:card\" content=\"summary_large_image\" \/>\n<meta name=\"twitter:label1\" content=\"Dur\u00e9e de lecture estim\u00e9e\" \/>\n\t<meta name=\"twitter:data1\" content=\"2 minutes\" \/>\n<script type=\"application\/ld+json\" class=\"yoast-schema-graph\">{\"@context\":\"https:\\\/\\\/schema.org\",\"@graph\":[{\"@type\":\"WebPage\",\"@id\":\"https:\\\/\\\/centimani-solutions.com\\\/fr\\\/thibault-martenot\\\/\",\"url\":\"https:\\\/\\\/centimani-solutions.com\\\/fr\\\/thibault-martenot\\\/\",\"name\":\"Thibault Martenot - Centimani Solutions\",\"isPartOf\":{\"@id\":\"https:\\\/\\\/centimani-solutions.com\\\/#website\"},\"primaryImageOfPage\":{\"@id\":\"https:\\\/\\\/centimani-solutions.com\\\/fr\\\/thibault-martenot\\\/#primaryimage\"},\"image\":{\"@id\":\"https:\\\/\\\/centimani-solutions.com\\\/fr\\\/thibault-martenot\\\/#primaryimage\"},\"thumbnailUrl\":\"https:\\\/\\\/centimani-solutions.com\\\/wp-content\\\/uploads\\\/2022\\\/06\\\/centimani-solutions-thibault-martenot.jpg\",\"datePublished\":\"2022-06-15T20:26:38+00:00\",\"dateModified\":\"2023-03-31T19:21:31+00:00\",\"breadcrumb\":{\"@id\":\"https:\\\/\\\/centimani-solutions.com\\\/fr\\\/thibault-martenot\\\/#breadcrumb\"},\"inLanguage\":\"fr-FR\",\"potentialAction\":[{\"@type\":\"ReadAction\",\"target\":[\"https:\\\/\\\/centimani-solutions.com\\\/fr\\\/thibault-martenot\\\/\"]}]},{\"@type\":\"ImageObject\",\"inLanguage\":\"fr-FR\",\"@id\":\"https:\\\/\\\/centimani-solutions.com\\\/fr\\\/thibault-martenot\\\/#primaryimage\",\"url\":\"https:\\\/\\\/centimani-solutions.com\\\/wp-content\\\/uploads\\\/2022\\\/06\\\/centimani-solutions-thibault-martenot.jpg\",\"contentUrl\":\"https:\\\/\\\/centimani-solutions.com\\\/wp-content\\\/uploads\\\/2022\\\/06\\\/centimani-solutions-thibault-martenot.jpg\",\"width\":395,\"height\":410,\"caption\":\"Co-fondateur et associ\u00e9\"},{\"@type\":\"BreadcrumbList\",\"@id\":\"https:\\\/\\\/centimani-solutions.com\\\/fr\\\/thibault-martenot\\\/#breadcrumb\",\"itemListElement\":[{\"@type\":\"ListItem\",\"position\":1,\"name\":\"Home\",\"item\":\"https:\\\/\\\/centimani-solutions.com\\\/fr\\\/\"},{\"@type\":\"ListItem\",\"position\":2,\"name\":\"Thibault Martenot\"}]},{\"@type\":\"WebSite\",\"@id\":\"https:\\\/\\\/centimani-solutions.com\\\/#website\",\"url\":\"https:\\\/\\\/centimani-solutions.com\\\/\",\"name\":\"Centimani Solutions\",\"description\":\"We focus on the localization of humanitarian\",\"publisher\":{\"@id\":\"https:\\\/\\\/centimani-solutions.com\\\/#organization\"},\"potentialAction\":[{\"@type\":\"SearchAction\",\"target\":{\"@type\":\"EntryPoint\",\"urlTemplate\":\"https:\\\/\\\/centimani-solutions.com\\\/?s={search_term_string}\"},\"query-input\":{\"@type\":\"PropertyValueSpecification\",\"valueRequired\":true,\"valueName\":\"search_term_string\"}}],\"inLanguage\":\"fr-FR\"},{\"@type\":\"Organization\",\"@id\":\"https:\\\/\\\/centimani-solutions.com\\\/#organization\",\"name\":\"Centimani Solutions\",\"url\":\"https:\\\/\\\/centimani-solutions.com\\\/\",\"logo\":{\"@type\":\"ImageObject\",\"inLanguage\":\"fr-FR\",\"@id\":\"https:\\\/\\\/centimani-solutions.com\\\/#\\\/schema\\\/logo\\\/image\\\/\",\"url\":\"https:\\\/\\\/centimani-solutions.com\\\/wp-content\\\/uploads\\\/2022\\\/06\\\/cropped-Logo-Centimani.jpg\",\"contentUrl\":\"https:\\\/\\\/centimani-solutions.com\\\/wp-content\\\/uploads\\\/2022\\\/06\\\/cropped-Logo-Centimani.jpg\",\"width\":512,\"height\":512,\"caption\":\"Centimani Solutions\"},\"image\":{\"@id\":\"https:\\\/\\\/centimani-solutions.com\\\/#\\\/schema\\\/logo\\\/image\\\/\"}}]}<\/script>\n<!-- \/ Yoast SEO plugin. -->","yoast_head_json":{"title":"Thibault Martenot - Centimani Solutions","robots":{"index":"index","follow":"follow","max-snippet":"max-snippet:-1","max-image-preview":"max-image-preview:large","max-video-preview":"max-video-preview:-1"},"canonical":"https:\/\/centimani-solutions.com\/fr\/thibault-martenot\/","og_locale":"fr_FR","og_type":"article","og_title":"Thibault Martenot - Centimani Solutions","og_description":"[vc_row row_height_percent=\u00a0\u00bb0&Prime; override_padding=\u00a0\u00bbyes\u00a0\u00bb h_padding=\u00a0\u00bb2&Prime; top_padding=\u00a0\u00bb5&Prime; bottom_padding=\u00a0\u00bb5&Prime; back_image=\u00a0\u00bb110547&Prime; overlay_color=\u00a0\u00bbcolor-xsdn\u00a0\u00bb overlay_alpha=\u00a0\u00bb90&Prime; gutter_size=\u00a0\u00bb4&Prime; column_width_percent=\u00a0\u00bb100&Prime; shift_y=\u00a0\u00bb0&Prime; z_index=\u00a0\u00bb0&Prime; row_name=\u00a0\u00bbContact\u00a0\u00bb][vc_column column_width_percent=\u00a0\u00bb100&Prime; position_vertical=\u00a0\u00bbmiddle\u00a0\u00bb gutter_size=\u00a0\u00bb0&Prime; overlay_alpha=\u00a0\u00bb50&Prime; shift_x=\u00a0\u00bb0&Prime; shift_y=\u00a0\u00bb0&Prime; [&hellip;]","og_url":"https:\/\/centimani-solutions.com\/fr\/thibault-martenot\/","og_site_name":"Centimani Solutions","article_modified_time":"2023-03-31T19:21:31+00:00","og_image":[{"width":395,"height":410,"url":"https:\/\/centimani-solutions.com\/wp-content\/uploads\/2022\/06\/centimani-solutions-thibault-martenot.jpg","type":"image\/jpeg"}],"twitter_card":"summary_large_image","twitter_misc":{"Dur\u00e9e de lecture estim\u00e9e":"2 minutes"},"schema":{"@context":"https:\/\/schema.org","@graph":[{"@type":"WebPage","@id":"https:\/\/centimani-solutions.com\/fr\/thibault-martenot\/","url":"https:\/\/centimani-solutions.com\/fr\/thibault-martenot\/","name":"Thibault Martenot - Centimani Solutions","isPartOf":{"@id":"https:\/\/centimani-solutions.com\/#website"},"primaryImageOfPage":{"@id":"https:\/\/centimani-solutions.com\/fr\/thibault-martenot\/#primaryimage"},"image":{"@id":"https:\/\/centimani-solutions.com\/fr\/thibault-martenot\/#primaryimage"},"thumbnailUrl":"https:\/\/centimani-solutions.com\/wp-content\/uploads\/2022\/06\/centimani-solutions-thibault-martenot.jpg","datePublished":"2022-06-15T20:26:38+00:00","dateModified":"2023-03-31T19:21:31+00:00","breadcrumb":{"@id":"https:\/\/centimani-solutions.com\/fr\/thibault-martenot\/#breadcrumb"},"inLanguage":"fr-FR","potentialAction":[{"@type":"ReadAction","target":["https:\/\/centimani-solutions.com\/fr\/thibault-martenot\/"]}]},{"@type":"ImageObject","inLanguage":"fr-FR","@id":"https:\/\/centimani-solutions.com\/fr\/thibault-martenot\/#primaryimage","url":"https:\/\/centimani-solutions.com\/wp-content\/uploads\/2022\/06\/centimani-solutions-thibault-martenot.jpg","contentUrl":"https:\/\/centimani-solutions.com\/wp-content\/uploads\/2022\/06\/centimani-solutions-thibault-martenot.jpg","width":395,"height":410,"caption":"Co-fondateur et associ\u00e9"},{"@type":"BreadcrumbList","@id":"https:\/\/centimani-solutions.com\/fr\/thibault-martenot\/#breadcrumb","itemListElement":[{"@type":"ListItem","position":1,"name":"Home","item":"https:\/\/centimani-solutions.com\/fr\/"},{"@type":"ListItem","position":2,"name":"Thibault Martenot"}]},{"@type":"WebSite","@id":"https:\/\/centimani-solutions.com\/#website","url":"https:\/\/centimani-solutions.com\/","name":"Centimani Solutions","description":"We focus on the localization of humanitarian","publisher":{"@id":"https:\/\/centimani-solutions.com\/#organization"},"potentialAction":[{"@type":"SearchAction","target":{"@type":"EntryPoint","urlTemplate":"https:\/\/centimani-solutions.com\/?s={search_term_string}"},"query-input":{"@type":"PropertyValueSpecification","valueRequired":true,"valueName":"search_term_string"}}],"inLanguage":"fr-FR"},{"@type":"Organization","@id":"https:\/\/centimani-solutions.com\/#organization","name":"Centimani Solutions","url":"https:\/\/centimani-solutions.com\/","logo":{"@type":"ImageObject","inLanguage":"fr-FR","@id":"https:\/\/centimani-solutions.com\/#\/schema\/logo\/image\/","url":"https:\/\/centimani-solutions.com\/wp-content\/uploads\/2022\/06\/cropped-Logo-Centimani.jpg","contentUrl":"https:\/\/centimani-solutions.com\/wp-content\/uploads\/2022\/06\/cropped-Logo-Centimani.jpg","width":512,"height":512,"caption":"Centimani Solutions"},"image":{"@id":"https:\/\/centimani-solutions.com\/#\/schema\/logo\/image\/"}}]}},"_links":{"self":[{"href":"https:\/\/centimani-solutions.com\/fr\/wp-json\/wp\/v2\/pages\/111773","targetHints":{"allow":["GET"]}}],"collection":[{"href":"https:\/\/centimani-solutions.com\/fr\/wp-json\/wp\/v2\/pages"}],"about":[{"href":"https:\/\/centimani-solutions.com\/fr\/wp-json\/wp\/v2\/types\/page"}],"author":[{"embeddable":true,"href":"https:\/\/centimani-solutions.com\/fr\/wp-json\/wp\/v2\/users\/1"}],"replies":[{"embeddable":true,"href":"https:\/\/centimani-solutions.com\/fr\/wp-json\/wp\/v2\/comments?post=111773"}],"version-history":[{"count":0,"href":"https:\/\/centimani-solutions.com\/fr\/wp-json\/wp\/v2\/pages\/111773\/revisions"}],"wp:featuredmedia":[{"embeddable":true,"href":"https:\/\/centimani-solutions.com\/fr\/wp-json\/wp\/v2\/media\/111112"}],"wp:attachment":[{"href":"https:\/\/centimani-solutions.com\/fr\/wp-json\/wp\/v2\/media?parent=111773"}],"curies":[{"name":"wp","href":"https:\/\/api.w.org\/{rel}","templated":true}]}}