{"id":111816,"date":"2022-06-15T16:55:26","date_gmt":"2022-06-15T16:55:26","guid":{"rendered":"https:\/\/centimani-solutions.com\/partnership-brokering\/"},"modified":"2023-03-31T19:16:47","modified_gmt":"2023-03-31T19:16:47","slug":"courtage-en-partenariat","status":"publish","type":"page","link":"https:\/\/centimani-solutions.com\/fr\/courtage-en-partenariat\/","title":{"rendered":"Courtage en partenariat"},"content":{"rendered":"<div class=\"wpb-content-wrapper\"><p>[vc_row row_height_percent=\u00a0\u00bb85&Prime; override_padding=\u00a0\u00bbyes\u00a0\u00bb h_padding=\u00a0\u00bb2&Prime; top_padding=\u00a0\u00bb7&Prime; bottom_padding=\u00a0\u00bb7&Prime; back_image=\u00a0\u00bb110979&Prime; overlay_color=\u00a0\u00bbcolor-nhtu\u00a0\u00bb overlay_alpha=\u00a0\u00bb50&Prime; gutter_size=\u00a0\u00bb3&Prime; column_width_percent=\u00a0\u00bb100&Prime; shift_y=\u00a0\u00bb0&Prime; z_index=\u00a0\u00bb0&Prime; uncode_shortcode_id=\u00a0\u00bb154388&Prime; overlay_color_type=\u00a0\u00bbuncode-palette\u00a0\u00bb][vc_column column_width_percent=\u00a0\u00bb100&Prime; position_horizontal=\u00a0\u00bbleft\u00a0\u00bb position_vertical=\u00a0\u00bbmiddle\u00a0\u00bb gutter_size=\u00a0\u00bb2&Prime; style=\u00a0\u00bbdark\u00a0\u00bb overlay_alpha=\u00a0\u00bb50&Prime; shift_x=\u00a0\u00bb0&Prime; shift_y=\u00a0\u00bb0&Prime; shift_y_down=\u00a0\u00bb0&Prime; z_index=\u00a0\u00bb0&Prime; medium_width=\u00a0\u00bb0&Prime; mobile_width=\u00a0\u00bb0&Prime; width=\u00a0\u00bb1\/1&Prime;][vc_custom_heading text_color=\u00a0\u00bbcolor-lxmt\u00a0\u00bb heading_semantic=\u00a0\u00bbh1&Prime; text_size=\u00a0\u00bbh6&Prime; text_weight=\u00a0\u00bb500&Prime; text_transform=\u00a0\u00bbuppercase\u00a0\u00bb text_space=\u00a0\u00bbfontspace-135905&Prime; uncode_shortcode_id=\u00a0\u00bb152547&Prime; text_color_type=\u00a0\u00bbuncode-palette\u00a0\u00bb]Ce que nous faisons[\/vc_custom_heading][vc_custom_heading text_font=\u00a0\u00bbfont-266456&Prime; text_size=\u00a0\u00bbfontsize-739966&Prime; text_weight=\u00a0\u00bb500&Prime; uncode_shortcode_id=\u00a0\u00bb203407&Prime;]Nos Services[\/vc_custom_heading][vc_empty_space][vc_row_inner row_inner_height_percent=\u00a0\u00bb0&Prime; overlay_alpha=\u00a0\u00bb50&Prime; gutter_size=\u00a0\u00bb4&Prime; shift_y=\u00a0\u00bb0&Prime; z_index=\u00a0\u00bb0&Prime; limit_content=\u00a0\u00bb\u00a0\u00bb][vc_column_inner column_width_percent=\u00a0\u00bb100&Prime; gutter_size=\u00a0\u00bb3&Prime; overlay_alpha=\u00a0\u00bb50&Prime; shift_x=\u00a0\u00bb0&Prime; shift_y=\u00a0\u00bb0&Prime; shift_y_down=\u00a0\u00bb0&Prime; z_index=\u00a0\u00bb0&Prime; medium_visibility=\u00a0\u00bbyes\u00a0\u00bb medium_width=\u00a0\u00bb0&Prime; mobile_visibility=\u00a0\u00bbyes\u00a0\u00bb mobile_width=\u00a0\u00bb0&Prime; width=\u00a0\u00bb1\/4&Prime; uncode_shortcode_id=\u00a0\u00bb101002&Prime;][\/vc_column_inner][vc_column_inner column_width_percent=\u00a0\u00bb100&Prime; gutter_size=\u00a0\u00bb3&Prime; style=\u00a0\u00bbdark\u00a0\u00bb overlay_alpha=\u00a0\u00bb50&Prime; shift_x=\u00a0\u00bb0&Prime; shift_y=\u00a0\u00bb0&Prime; shift_y_down=\u00a0\u00bb0&Prime; z_index=\u00a0\u00bb0&Prime; medium_width=\u00a0\u00bb0&Prime; mobile_width=\u00a0\u00bb0&Prime; width=\u00a0\u00bb3\/4&Prime; uncode_shortcode_id=\u00a0\u00bb425430&Prime;][vc_custom_heading text_color=\u00a0\u00bbcolor-xsdn\u00a0\u00bb heading_semantic=\u00a0\u00bbh1&Prime; text_size=\u00a0\u00bbh5&Prime; text_height=\u00a0\u00bbfontheight-524109&Prime; text_italic=\u00a0\u00bbyes\u00a0\u00bb uncode_shortcode_id=\u00a0\u00bb308036&Prime; text_color_type=\u00a0\u00bbuncode-palette\u00a0\u00bb]<a href=\"https:\/\/centimani-solutions.com\/fr\/transfert-de-technologie\/\">A &#8211; Transfert de technologie et pr\u00e9paration aux audits<\/a><br \/>\n<a href=\"https:\/\/centimani-solutions.com\/fr\/renforcement-des-capacites-et-coaching\/\">B &#8211; Renforcement des capacit\u00e9s et coaching Focus sur les ONG locales et nationales<\/a><br \/>\n<a href=\"https:\/\/centimani-solutions.com\/fr\/gestion-de-la-chaine-dapprovisionnement-et-de-la-logistique\/\">C &#8211; Gestion de la cha\u00eene d&rsquo;approvisionnement et de la logistique<\/a><br \/>\n<a href=\"https:\/\/centimani-solutions.com\/fr\/courtage-en-partenariat\/\">D &#8211; Courtage en partenariat<\/a>[\/vc_custom_heading][\/vc_column_inner][\/vc_row_inner][\/vc_column][\/vc_row][vc_row row_height_percent=\u00a0\u00bb0&Prime; override_padding=\u00a0\u00bbyes\u00a0\u00bb h_padding=\u00a0\u00bb2&Prime; top_padding=\u00a0\u00bb5&Prime; bottom_padding=\u00a0\u00bb5&Prime; back_color=\u00a0\u00bbcolor-lxmt\u00a0\u00bb overlay_alpha=\u00a0\u00bb50&Prime; equal_height=\u00a0\u00bbyes\u00a0\u00bb gutter_size=\u00a0\u00bb4&Prime; column_width_percent=\u00a0\u00bb100&Prime; shift_y=\u00a0\u00bb0&Prime; z_index=\u00a0\u00bb1&Prime; top_divider=\u00a0\u00bbstep_1_2&Prime; uncode_shortcode_id=\u00a0\u00bb196009&Prime; back_color_type=\u00a0\u00bbuncode-palette\u00a0\u00bb][vc_column column_width_percent=\u00a0\u00bb100&Prime; gutter_size=\u00a0\u00bb4&Prime; overlay_alpha=\u00a0\u00bb50&Prime; shift_x=\u00a0\u00bb0&Prime; shift_y=\u00a0\u00bb0&Prime; shift_y_down=\u00a0\u00bb0&Prime; z_index=\u00a0\u00bb0&Prime; align_medium=\u00a0\u00bbalign_center_tablet\u00a0\u00bb medium_width=\u00a0\u00bb0&Prime; align_mobile=\u00a0\u00bbalign_center_mobile\u00a0\u00bb mobile_width=\u00a0\u00bb0&Prime; parallax_intensity=\u00a0\u00bb2&Prime; width=\u00a0\u00bb1\/1&Prime; uncode_shortcode_id=\u00a0\u00bb122516&Prime;][vc_row_inner row_inner_height_percent=\u00a0\u00bb0&Prime; overlay_alpha=\u00a0\u00bb50&Prime; gutter_size=\u00a0\u00bb4&Prime; shift_y=\u00a0\u00bb0&Prime; z_index=\u00a0\u00bb0&Prime; limit_content=\u00a0\u00bb\u00a0\u00bb][vc_column_inner column_width_percent=\u00a0\u00bb100&Prime; gutter_size=\u00a0\u00bb3&Prime; overlay_alpha=\u00a0\u00bb50&Prime; shift_x=\u00a0\u00bb0&Prime; shift_y=\u00a0\u00bb0&Prime; shift_y_down=\u00a0\u00bb0&Prime; z_index=\u00a0\u00bb0&Prime; medium_width=\u00a0\u00bb3&Prime; mobile_width=\u00a0\u00bb0&Prime; width=\u00a0\u00bb3\/12&Prime; uncode_shortcode_id=\u00a0\u00bb107052&Prime;][vc_custom_heading text_color=\u00a0\u00bbaccent\u00a0\u00bb text_size=\u00a0\u00bbfontsize-160206&Prime; uncode_shortcode_id=\u00a0\u00bb208479&Prime; text_color_type=\u00a0\u00bbuncode-palette\u00a0\u00bb]D[\/vc_custom_heading][\/vc_column_inner][vc_column_inner column_width_percent=\u00a0\u00bb100&Prime; gutter_size=\u00a0\u00bb4&Prime; overlay_alpha=\u00a0\u00bb50&Prime; shift_x=\u00a0\u00bb0&Prime; shift_y=\u00a0\u00bb0&Prime; shift_y_down=\u00a0\u00bb0&Prime; z_index=\u00a0\u00bb0&Prime; medium_width=\u00a0\u00bb5&Prime; mobile_width=\u00a0\u00bb0&Prime; width=\u00a0\u00bb9\/12&Prime; uncode_shortcode_id=\u00a0\u00bb200401&Prime;][vc_custom_heading heading_semantic=\u00a0\u00bbh6&Prime; text_size=\u00a0\u00bbfontsize-155944&Prime; css_animation=\u00a0\u00bbcurtain-words\u00a0\u00bb animation_speed=\u00a0\u00bb800&Prime; uncode_shortcode_id=\u00a0\u00bb162098&Prime; subheading=\u00a0\u00bbNous accompagnons nos clients dans l\u2019identification de partenaires appropri\u00e9s, en fonction de leurs objectifs programmatiques. Nous fournissons \u00e9galement une repr\u00e9sentation directe aux clients et facilitons la d\u00e9finition de la port\u00e9e des premi\u00e8res \u00e9tapes du partenariat ainsi que des n\u00e9gociations d&rsquo;accords.<br \/>\nNous veillons \u00e0 ce que les personnes identifi\u00e9es au sein de l&rsquo;organisation cliente soient accompagn\u00e9es en cours de route afin qu&rsquo;elles puissent devenir des courtiers de partenariat plus efficaces et soient mieux en mesure d&rsquo;influencer le changement au sein de leur organisation pour les partenariats existants et futurs.\u00a0\u00bb text_color_type=\u00a0\u00bbuncode-palette\u00a0\u00bb text_color_solid=\u00a0\u00bb#ff0000&Prime;]Courtage en partenariat[\/vc_custom_heading][\/vc_column_inner][\/vc_row_inner][uncode_vertical_text text_align=\u00a0\u00bbtop\u00a0\u00bb vertical_text_h_pos=\u00a0\u00bb-4&Prime; vertical_text_v_pos=\u00a0\u00bb0&Prime; z_index=\u00a0\u00bb0&Prime; text_size=\u00a0\u00bbh6&Prime; text_space=\u00a0\u00bbfontspace-135905&Prime; mobile_visibility=\u00a0\u00bbyes\u00a0\u00bb uncode_shortcode_id=\u00a0\u00bb211651&Prime;]\u2e3b Services[\/uncode_vertical_text][\/vc_column][\/vc_row][vc_row row_height_percent=\u00a0\u00bb0&Prime; override_padding=\u00a0\u00bbyes\u00a0\u00bb h_padding=\u00a0\u00bb2&Prime; top_padding=\u00a0\u00bb5&Prime; bottom_padding=\u00a0\u00bb5&Prime; back_color=\u00a0\u00bbcolor-xsdn\u00a0\u00bb overlay_alpha=\u00a0\u00bb50&Prime; gutter_size=\u00a0\u00bb3&Prime; column_width_percent=\u00a0\u00bb100&Prime; shift_y=\u00a0\u00bb0&Prime; z_index=\u00a0\u00bb0&Prime; top_divider=\u00a0\u00bbgradient\u00a0\u00bb bottom_divider=\u00a0\u00bbgradient\u00a0\u00bb uncode_shortcode_id=\u00a0\u00bb150791&Prime; back_color_type=\u00a0\u00bbuncode-palette\u00a0\u00bb][vc_column column_width_percent=\u00a0\u00bb100&Prime; align_horizontal=\u00a0\u00bbalign_center\u00a0\u00bb gutter_size=\u00a0\u00bb4&Prime; style=\u00a0\u00bblight\u00a0\u00bb overlay_alpha=\u00a0\u00bb50&Prime; shift_x=\u00a0\u00bb0&Prime; shift_y=\u00a0\u00bb0&Prime; shift_y_down=\u00a0\u00bb0&Prime; z_index=\u00a0\u00bb0&Prime; medium_width=\u00a0\u00bb0&Prime; mobile_width=\u00a0\u00bb0&Prime; width=\u00a0\u00bb1\/1&Prime; uncode_shortcode_id=\u00a0\u00bb802828&Prime;][vc_row_inner limit_content=\u00a0\u00bb\u00a0\u00bb][vc_column_inner column_width_use_pixel=\u00a0\u00bbyes\u00a0\u00bb align_horizontal=\u00a0\u00bbalign_center\u00a0\u00bb gutter_size=\u00a0\u00bb2&Prime; style=\u00a0\u00bblight\u00a0\u00bb overlay_alpha=\u00a0\u00bb50&Prime; shift_x=\u00a0\u00bb0&Prime; shift_y=\u00a0\u00bb0&Prime; shift_y_down=\u00a0\u00bb0&Prime; z_index=\u00a0\u00bb0&Prime; medium_width=\u00a0\u00bb0&Prime; mobile_width=\u00a0\u00bb0&Prime; width=\u00a0\u00bb1\/1&Prime; column_width_pixel=\u00a0\u00bb900&Prime; uncode_shortcode_id=\u00a0\u00bb741406&Prime;][vc_custom_heading text_size=\u00a0\u00bbfontsize-155944&Prime; uncode_shortcode_id=\u00a0\u00bb239945&Prime; subheading=\u00a0\u00bbNous travaillons avec nos clients et collaborateurs sur le renforcement des capacit\u00e9s, le d\u00e9veloppement de strat\u00e9gies, et l&rsquo;identification de partenariats. Nous fournissons une assistance pour surmonter les obstacles op\u00e9rationnels ou industriels de routine. Nous sommes en mesure de r\u00e9pondre rapidement aux besoins de nos clients partout dans le monde gr\u00e2ce \u00e0 notre r\u00e9seau mondial de professionnels de l&rsquo;industrie et de l&rsquo;humanitaire.\u00a0\u00bb]Avec qui nous travaillons[\/vc_custom_heading][\/vc_column_inner][\/vc_row_inner][vc_gallery el_id=\u00a0\u00bbgallery-523716&Prime; medias=\u00a0\u00bb110727,110724,110725,110722,110723,110721,111095,110720,111932,111973,111938&Prime; gutter_size=\u00a0\u00bb4&Prime; media_items=\u00a0\u00bbmedia|custom_link|original,icon\u00a0\u00bb screen_lg=\u00a0\u00bb1000&Prime; screen_md=\u00a0\u00bb100&Prime; screen_sm=\u00a0\u00bb100&Prime; single_overlay_opacity=\u00a0\u00bb50&Prime; single_text_anim=\u00a0\u00bbno\u00a0\u00bb single_image_anim=\u00a0\u00bbno\u00a0\u00bb single_padding=\u00a0\u00bb2&Prime; single_border=\u00a0\u00bbyes\u00a0\u00bb uncode_shortcode_id=\u00a0\u00bb125679&Prime; items=\u00a0\u00bbeyIxMTA3MjFfaSI6eyJzaW5nbGVfbGluayI6InVybDpodHRwcyUzQSUyRiUyRmludGVybmF0aW9uYWxtZWRpY2FsY29ycHMub3JnfHRhcmdldDpfYmxhbmsifSwiMTEwNzI3X2kiOnsic2luZ2xlX2xpbmsiOiJ1cmw6aHR0cHMlM0ElMkYlMkZ3d3cucHJvamVjdGhvcGUub3JnfHRhcmdldDpfYmxhbmsifSwiMTEwNzI1X2kiOnsic2luZ2xlX2xpbmsiOiJ1cmw6aHR0cHMlM0ElMkYlMkZ3d3cudGhlY29uc2Npb3VzcHJvamVjdC5vcmd8dGFyZ2V0Ol9ibGFuayJ9LCIxMTA4MzhfaSI6eyJzaW5nbGVfbGluayI6InVybDpodHRwJTNBJTJGJTJGd3d3LnJvZGFlbC5mciUyRmFjY3VlaWx8dGFyZ2V0Ol9ibGFuayJ9LCIxMTA3MjhfaSI6eyJzaW5nbGVfbGluayI6InVybDolMjBodHRwcyUzQSUyRiUyRnd3dy5pbnRlZ3JpdHlnbG9iYWwuY29tfHRhcmdldDpfYmxhbmsifSwiMTEwNzIzX2kiOnsic2luZ2xlX2xpbmsiOiJ1cmw6aHR0cHMlM0ElMkYlMkZtYW5hbnV0cml0aW9uLm9yZ3x0YXJnZXQ6X2JsYW5rIn0sIjExMDcyNl9pIjp7InNpbmdsZV9saW5rIjoidXJsOmh0dHBzJTNBJTJGJTJGdGEubnV0cml0aW9uY2x1c3Rlci5uZXR8dGFyZ2V0Ol9ibGFuayJ9LCIxMTA3MjBfaSI6eyJzaW5nbGVfbGluayI6InVybDpodHRwcyUzQSUyRiUyRnd3dy5pY3ZhbmV0d29yay5vcmcifSwiMTEwNzI0X2kiOnsic2luZ2xlX2xpbmsiOiJ1cmw6aHR0cCUzQSUyRiUyRnd3dy5zaHN5ZS5vcmclMkZlbnx0YXJnZXQ6X2JsYW5rIn0sIjExMDcyMl9pIjp7InNpbmdsZV9saW5rIjoidXJsOmh0dHBzJTNBJTJGJTJGaXJhcWhhby5vcmclMjAlMjB8dGFyZ2V0Ol9ibGFuayJ9LCIxMTA4MzZfaSI6eyJzaW5nbGVfbGluayI6InVybDpodHRwcyUzQSUyRiUyRmFpcmRpbnRlcm5hdGlvbmFsLm9yZyUyMHx0YXJnZXQ6X2JsYW5rIn0sIjExMTA4NF9pIjp7InNpbmdsZV9saW5rIjoidXJsOmh0dHBzJTNBJTJGJTJGd3d3LmFqaW5vbW90by5jb218dGFyZ2V0Ol9ibGFuayJ9LCIxMTEwOTVfaSI6eyJzaW5nbGVfbGluayI6InVybDpodHRwcyUzQSUyRiUyRnd3dy5hamlub21vdG8uY29tJTJGfHRhcmdldDpfYmxhbmsifSwiMTExOTM4X2kiOnsic2luZ2xlX2xpbmsiOiJ1cmw6aHR0cHMlM0ElMkYlMkZhY3Rpb25hZ2FpbnN0aHVuZ2VyLmNhJTIwfHRhcmdldDpfYmxhbmsifSwiMTExOTMyX2kiOnsic2luZ2xlX2xpbmsiOiJ1cmw6aHR0cHMlM0ElMkYlMkZ0YS5udXRyaXRpb25jbHVzdGVyLm5ldHx0YXJnZXQ6X2JsYW5rIn0sIjExMTkzNV9pIjp7InNpbmdsZV9saW5rIjoidXJsOmh0dHBzJTNBJTJGJTJGd3d3Lm51dHJpdGlvbmNsdXN0ZXIubmV0JTJGY291bnRyeSUyRm1hbGklMjB8dGFyZ2V0Ol9ibGFuayJ9LCIxMTE5NzNfaSI6eyJzaW5nbGVfbGluayI6InVybDpodHRwcyUzQSUyRiUyRnd3dy5udXRyaXRpb25jbHVzdGVyLm5ldCUyRmNvdW50cnklMkZtYWxpfHRhcmdldDpfYmxhbmsifX0=\u00a0\u00bb][\/vc_column][\/vc_row]<\/p>\n<\/div>","protected":false},"excerpt":{"rendered":"<p>[vc_row row_height_percent=\u00a0\u00bb85&Prime; override_padding=\u00a0\u00bbyes\u00a0\u00bb h_padding=\u00a0\u00bb2&Prime; top_padding=\u00a0\u00bb7&Prime; bottom_padding=\u00a0\u00bb7&Prime; back_image=\u00a0\u00bb110979&Prime; overlay_color=\u00a0\u00bbcolor-nhtu\u00a0\u00bb overlay_alpha=\u00a0\u00bb50&Prime; gutter_size=\u00a0\u00bb3&Prime; column_width_percent=\u00a0\u00bb100&Prime; shift_y=\u00a0\u00bb0&Prime; z_index=\u00a0\u00bb0&Prime; uncode_shortcode_id=\u00a0\u00bb154388&Prime; overlay_color_type=\u00a0\u00bbuncode-palette\u00a0\u00bb][vc_column column_width_percent=\u00a0\u00bb100&Prime; position_horizontal=\u00a0\u00bbleft\u00a0\u00bb position_vertical=\u00a0\u00bbmiddle\u00a0\u00bb gutter_size=\u00a0\u00bb2&Prime; style=\u00a0\u00bbdark\u00a0\u00bb [&hellip;]<\/p>\n","protected":false},"author":1,"featured_media":111570,"parent":0,"menu_order":0,"comment_status":"closed","ping_status":"closed","template":"","meta":{"footnotes":""},"class_list":["post-111816","page","type-page","status-publish","has-post-thumbnail","hentry","page_category-english-fr"],"yoast_head":"<!-- This site is optimized with the Yoast SEO plugin v27.3 - https:\/\/yoast.com\/product\/yoast-seo-wordpress\/ -->\n<title>Courtage en partenariat - Centimani Solutions<\/title>\n<meta name=\"robots\" content=\"index, follow, max-snippet:-1, max-image-preview:large, max-video-preview:-1\" \/>\n<link rel=\"canonical\" href=\"https:\/\/centimani-solutions.com\/fr\/courtage-en-partenariat\/\" \/>\n<meta property=\"og:locale\" content=\"fr_FR\" \/>\n<meta property=\"og:type\" content=\"article\" \/>\n<meta property=\"og:title\" content=\"Courtage en partenariat - Centimani Solutions\" \/>\n<meta property=\"og:description\" content=\"[vc_row row_height_percent=\u00a0\u00bb85&Prime; override_padding=\u00a0\u00bbyes\u00a0\u00bb h_padding=\u00a0\u00bb2&Prime; top_padding=\u00a0\u00bb7&Prime; bottom_padding=\u00a0\u00bb7&Prime; back_image=\u00a0\u00bb110979&Prime; overlay_color=\u00a0\u00bbcolor-nhtu\u00a0\u00bb overlay_alpha=\u00a0\u00bb50&Prime; gutter_size=\u00a0\u00bb3&Prime; column_width_percent=\u00a0\u00bb100&Prime; shift_y=\u00a0\u00bb0&Prime; z_index=\u00a0\u00bb0&Prime; uncode_shortcode_id=\u00a0\u00bb154388&Prime; overlay_color_type=\u00a0\u00bbuncode-palette\u00a0\u00bb][vc_column column_width_percent=\u00a0\u00bb100&Prime; position_horizontal=\u00a0\u00bbleft\u00a0\u00bb position_vertical=\u00a0\u00bbmiddle\u00a0\u00bb gutter_size=\u00a0\u00bb2&Prime; style=\u00a0\u00bbdark\u00a0\u00bb [&hellip;]\" \/>\n<meta property=\"og:url\" content=\"https:\/\/centimani-solutions.com\/fr\/courtage-en-partenariat\/\" \/>\n<meta property=\"og:site_name\" content=\"Centimani Solutions\" \/>\n<meta property=\"article:modified_time\" content=\"2023-03-31T19:16:47+00:00\" \/>\n<meta property=\"og:image\" content=\"https:\/\/centimani-solutions.com\/wp-content\/uploads\/2022\/06\/centimani-solutions-hand-shaking-e1667919130342.jpg\" \/>\n\t<meta property=\"og:image:width\" content=\"1200\" \/>\n\t<meta property=\"og:image:height\" content=\"675\" \/>\n\t<meta property=\"og:image:type\" content=\"image\/jpeg\" \/>\n<meta name=\"twitter:card\" content=\"summary_large_image\" \/>\n<meta name=\"twitter:label1\" content=\"Dur\u00e9e de lecture estim\u00e9e\" \/>\n\t<meta name=\"twitter:data1\" content=\"2 minutes\" \/>\n<script type=\"application\/ld+json\" class=\"yoast-schema-graph\">{\"@context\":\"https:\\\/\\\/schema.org\",\"@graph\":[{\"@type\":\"WebPage\",\"@id\":\"https:\\\/\\\/centimani-solutions.com\\\/fr\\\/courtage-en-partenariat\\\/\",\"url\":\"https:\\\/\\\/centimani-solutions.com\\\/fr\\\/courtage-en-partenariat\\\/\",\"name\":\"Courtage en partenariat - Centimani Solutions\",\"isPartOf\":{\"@id\":\"https:\\\/\\\/centimani-solutions.com\\\/#website\"},\"primaryImageOfPage\":{\"@id\":\"https:\\\/\\\/centimani-solutions.com\\\/fr\\\/courtage-en-partenariat\\\/#primaryimage\"},\"image\":{\"@id\":\"https:\\\/\\\/centimani-solutions.com\\\/fr\\\/courtage-en-partenariat\\\/#primaryimage\"},\"thumbnailUrl\":\"https:\\\/\\\/centimani-solutions.com\\\/wp-content\\\/uploads\\\/2022\\\/06\\\/centimani-solutions-hand-shaking-e1667919130342.jpg\",\"datePublished\":\"2022-06-15T16:55:26+00:00\",\"dateModified\":\"2023-03-31T19:16:47+00:00\",\"breadcrumb\":{\"@id\":\"https:\\\/\\\/centimani-solutions.com\\\/fr\\\/courtage-en-partenariat\\\/#breadcrumb\"},\"inLanguage\":\"fr-FR\",\"potentialAction\":[{\"@type\":\"ReadAction\",\"target\":[\"https:\\\/\\\/centimani-solutions.com\\\/fr\\\/courtage-en-partenariat\\\/\"]}]},{\"@type\":\"ImageObject\",\"inLanguage\":\"fr-FR\",\"@id\":\"https:\\\/\\\/centimani-solutions.com\\\/fr\\\/courtage-en-partenariat\\\/#primaryimage\",\"url\":\"https:\\\/\\\/centimani-solutions.com\\\/wp-content\\\/uploads\\\/2022\\\/06\\\/centimani-solutions-hand-shaking-e1667919130342.jpg\",\"contentUrl\":\"https:\\\/\\\/centimani-solutions.com\\\/wp-content\\\/uploads\\\/2022\\\/06\\\/centimani-solutions-hand-shaking-e1667919130342.jpg\",\"width\":1200,\"height\":675,\"caption\":\"partnership brokering\"},{\"@type\":\"BreadcrumbList\",\"@id\":\"https:\\\/\\\/centimani-solutions.com\\\/fr\\\/courtage-en-partenariat\\\/#breadcrumb\",\"itemListElement\":[{\"@type\":\"ListItem\",\"position\":1,\"name\":\"Home\",\"item\":\"https:\\\/\\\/centimani-solutions.com\\\/fr\\\/\"},{\"@type\":\"ListItem\",\"position\":2,\"name\":\"Courtage en partenariat\"}]},{\"@type\":\"WebSite\",\"@id\":\"https:\\\/\\\/centimani-solutions.com\\\/#website\",\"url\":\"https:\\\/\\\/centimani-solutions.com\\\/\",\"name\":\"Centimani Solutions\",\"description\":\"We focus on the localization of humanitarian\",\"publisher\":{\"@id\":\"https:\\\/\\\/centimani-solutions.com\\\/#organization\"},\"potentialAction\":[{\"@type\":\"SearchAction\",\"target\":{\"@type\":\"EntryPoint\",\"urlTemplate\":\"https:\\\/\\\/centimani-solutions.com\\\/?s={search_term_string}\"},\"query-input\":{\"@type\":\"PropertyValueSpecification\",\"valueRequired\":true,\"valueName\":\"search_term_string\"}}],\"inLanguage\":\"fr-FR\"},{\"@type\":\"Organization\",\"@id\":\"https:\\\/\\\/centimani-solutions.com\\\/#organization\",\"name\":\"Centimani Solutions\",\"url\":\"https:\\\/\\\/centimani-solutions.com\\\/\",\"logo\":{\"@type\":\"ImageObject\",\"inLanguage\":\"fr-FR\",\"@id\":\"https:\\\/\\\/centimani-solutions.com\\\/#\\\/schema\\\/logo\\\/image\\\/\",\"url\":\"https:\\\/\\\/centimani-solutions.com\\\/wp-content\\\/uploads\\\/2022\\\/06\\\/cropped-Logo-Centimani.jpg\",\"contentUrl\":\"https:\\\/\\\/centimani-solutions.com\\\/wp-content\\\/uploads\\\/2022\\\/06\\\/cropped-Logo-Centimani.jpg\",\"width\":512,\"height\":512,\"caption\":\"Centimani Solutions\"},\"image\":{\"@id\":\"https:\\\/\\\/centimani-solutions.com\\\/#\\\/schema\\\/logo\\\/image\\\/\"}}]}<\/script>\n<!-- \/ Yoast SEO plugin. -->","yoast_head_json":{"title":"Courtage en partenariat - Centimani Solutions","robots":{"index":"index","follow":"follow","max-snippet":"max-snippet:-1","max-image-preview":"max-image-preview:large","max-video-preview":"max-video-preview:-1"},"canonical":"https:\/\/centimani-solutions.com\/fr\/courtage-en-partenariat\/","og_locale":"fr_FR","og_type":"article","og_title":"Courtage en partenariat - Centimani Solutions","og_description":"[vc_row row_height_percent=\u00a0\u00bb85&Prime; override_padding=\u00a0\u00bbyes\u00a0\u00bb h_padding=\u00a0\u00bb2&Prime; top_padding=\u00a0\u00bb7&Prime; bottom_padding=\u00a0\u00bb7&Prime; back_image=\u00a0\u00bb110979&Prime; overlay_color=\u00a0\u00bbcolor-nhtu\u00a0\u00bb overlay_alpha=\u00a0\u00bb50&Prime; gutter_size=\u00a0\u00bb3&Prime; column_width_percent=\u00a0\u00bb100&Prime; shift_y=\u00a0\u00bb0&Prime; z_index=\u00a0\u00bb0&Prime; uncode_shortcode_id=\u00a0\u00bb154388&Prime; overlay_color_type=\u00a0\u00bbuncode-palette\u00a0\u00bb][vc_column column_width_percent=\u00a0\u00bb100&Prime; position_horizontal=\u00a0\u00bbleft\u00a0\u00bb position_vertical=\u00a0\u00bbmiddle\u00a0\u00bb gutter_size=\u00a0\u00bb2&Prime; style=\u00a0\u00bbdark\u00a0\u00bb [&hellip;]","og_url":"https:\/\/centimani-solutions.com\/fr\/courtage-en-partenariat\/","og_site_name":"Centimani Solutions","article_modified_time":"2023-03-31T19:16:47+00:00","og_image":[{"width":1200,"height":675,"url":"https:\/\/centimani-solutions.com\/wp-content\/uploads\/2022\/06\/centimani-solutions-hand-shaking-e1667919130342.jpg","type":"image\/jpeg"}],"twitter_card":"summary_large_image","twitter_misc":{"Dur\u00e9e de lecture estim\u00e9e":"2 minutes"},"schema":{"@context":"https:\/\/schema.org","@graph":[{"@type":"WebPage","@id":"https:\/\/centimani-solutions.com\/fr\/courtage-en-partenariat\/","url":"https:\/\/centimani-solutions.com\/fr\/courtage-en-partenariat\/","name":"Courtage en partenariat - Centimani Solutions","isPartOf":{"@id":"https:\/\/centimani-solutions.com\/#website"},"primaryImageOfPage":{"@id":"https:\/\/centimani-solutions.com\/fr\/courtage-en-partenariat\/#primaryimage"},"image":{"@id":"https:\/\/centimani-solutions.com\/fr\/courtage-en-partenariat\/#primaryimage"},"thumbnailUrl":"https:\/\/centimani-solutions.com\/wp-content\/uploads\/2022\/06\/centimani-solutions-hand-shaking-e1667919130342.jpg","datePublished":"2022-06-15T16:55:26+00:00","dateModified":"2023-03-31T19:16:47+00:00","breadcrumb":{"@id":"https:\/\/centimani-solutions.com\/fr\/courtage-en-partenariat\/#breadcrumb"},"inLanguage":"fr-FR","potentialAction":[{"@type":"ReadAction","target":["https:\/\/centimani-solutions.com\/fr\/courtage-en-partenariat\/"]}]},{"@type":"ImageObject","inLanguage":"fr-FR","@id":"https:\/\/centimani-solutions.com\/fr\/courtage-en-partenariat\/#primaryimage","url":"https:\/\/centimani-solutions.com\/wp-content\/uploads\/2022\/06\/centimani-solutions-hand-shaking-e1667919130342.jpg","contentUrl":"https:\/\/centimani-solutions.com\/wp-content\/uploads\/2022\/06\/centimani-solutions-hand-shaking-e1667919130342.jpg","width":1200,"height":675,"caption":"partnership brokering"},{"@type":"BreadcrumbList","@id":"https:\/\/centimani-solutions.com\/fr\/courtage-en-partenariat\/#breadcrumb","itemListElement":[{"@type":"ListItem","position":1,"name":"Home","item":"https:\/\/centimani-solutions.com\/fr\/"},{"@type":"ListItem","position":2,"name":"Courtage en partenariat"}]},{"@type":"WebSite","@id":"https:\/\/centimani-solutions.com\/#website","url":"https:\/\/centimani-solutions.com\/","name":"Centimani Solutions","description":"We focus on the localization of humanitarian","publisher":{"@id":"https:\/\/centimani-solutions.com\/#organization"},"potentialAction":[{"@type":"SearchAction","target":{"@type":"EntryPoint","urlTemplate":"https:\/\/centimani-solutions.com\/?s={search_term_string}"},"query-input":{"@type":"PropertyValueSpecification","valueRequired":true,"valueName":"search_term_string"}}],"inLanguage":"fr-FR"},{"@type":"Organization","@id":"https:\/\/centimani-solutions.com\/#organization","name":"Centimani Solutions","url":"https:\/\/centimani-solutions.com\/","logo":{"@type":"ImageObject","inLanguage":"fr-FR","@id":"https:\/\/centimani-solutions.com\/#\/schema\/logo\/image\/","url":"https:\/\/centimani-solutions.com\/wp-content\/uploads\/2022\/06\/cropped-Logo-Centimani.jpg","contentUrl":"https:\/\/centimani-solutions.com\/wp-content\/uploads\/2022\/06\/cropped-Logo-Centimani.jpg","width":512,"height":512,"caption":"Centimani Solutions"},"image":{"@id":"https:\/\/centimani-solutions.com\/#\/schema\/logo\/image\/"}}]}},"_links":{"self":[{"href":"https:\/\/centimani-solutions.com\/fr\/wp-json\/wp\/v2\/pages\/111816","targetHints":{"allow":["GET"]}}],"collection":[{"href":"https:\/\/centimani-solutions.com\/fr\/wp-json\/wp\/v2\/pages"}],"about":[{"href":"https:\/\/centimani-solutions.com\/fr\/wp-json\/wp\/v2\/types\/page"}],"author":[{"embeddable":true,"href":"https:\/\/centimani-solutions.com\/fr\/wp-json\/wp\/v2\/users\/1"}],"replies":[{"embeddable":true,"href":"https:\/\/centimani-solutions.com\/fr\/wp-json\/wp\/v2\/comments?post=111816"}],"version-history":[{"count":0,"href":"https:\/\/centimani-solutions.com\/fr\/wp-json\/wp\/v2\/pages\/111816\/revisions"}],"wp:featuredmedia":[{"embeddable":true,"href":"https:\/\/centimani-solutions.com\/fr\/wp-json\/wp\/v2\/media\/111570"}],"wp:attachment":[{"href":"https:\/\/centimani-solutions.com\/fr\/wp-json\/wp\/v2\/media?parent=111816"}],"curies":[{"name":"wp","href":"https:\/\/api.w.org\/{rel}","templated":true}]}}